{"id":134890,"date":"2025-11-14T15:56:10","date_gmt":"2025-11-14T14:56:10","guid":{"rendered":"https:\/\/www.ernstbrunn-apotheke.at\/katalog\/produkt\/tabac-original-rasiercreme-100-ml\/"},"modified":"2025-12-09T10:23:14","modified_gmt":"2025-12-09T09:23:14","slug":"tabac-original-rasiercreme-100-ml","status":"publish","type":"product","link":"https:\/\/www.ernstbrunn-apotheke.at\/katalog\/produkt\/tabac-original-rasiercreme-100-ml\/","title":{"rendered":"Tabac Original Rasiercreme 100 ml"},"content":{"rendered":"<p>Tabac Original Shaving Creme ist f\u00fcr die hautschonende Rasur mit dem Pinsel. Sie ergibt einen reichen, sahnig-milden Schaum, der den Bart im Nu einweicht. Sie erfrischt und belebt mit dem Duft von Tabac Original. Tabac Original ist eine markante, herb-w\u00fcrzige Duftkomposition, die durch Edelh\u00f6lzer, Moschus, Ambra und blumige Noten ihre klassisch-gepflegte Signatur erh\u00e4lt.<\/p>\n","protected":false},"excerpt":{"rendered":"<p>Tabac Original Shaving Creme ist f\u00fcr die hautschonende Rasur mit dem Pinsel. Sie ergibt einen reichen, sahnig-milden Schaum, der den Bart im Nu einweicht. Sie erfrischt und belebt mit dem Duft von Tabac Original. Tabac Original ist eine markante, herb-w\u00fcrzige Duftkomposition, die durch Edelh\u00f6lzer, Moschus, Ambra und blumige Noten ihre klassisch-gepflegte Signatur erh\u00e4lt.<\/p>\n","protected":false},"featured_media":134892,"template":"","meta":{"_acf_changed":false},"product_brand":[],"product_cat":[798],"product_tag":[],"class_list":{"0":"post-134890","1":"product","2":"type-product","3":"status-publish","4":"has-post-thumbnail","6":"product_cat-t","7":"pa_packungsgroesse-100ml","9":"first","10":"instock","11":"shipping-taxable","12":"purchasable","13":"product-type-simple"},"acf":[],"_links":{"self":[{"href":"https:\/\/www.ernstbrunn-apotheke.at\/katalog\/wp-json\/wp\/v2\/product\/134890","targetHints":{"allow":["GET"]}}],"collection":[{"href":"https:\/\/www.ernstbrunn-apotheke.at\/katalog\/wp-json\/wp\/v2\/product"}],"about":[{"href":"https:\/\/www.ernstbrunn-apotheke.at\/katalog\/wp-json\/wp\/v2\/types\/product"}],"wp:featuredmedia":[{"embeddable":true,"href":"https:\/\/www.ernstbrunn-apotheke.at\/katalog\/wp-json\/wp\/v2\/media\/134892"}],"wp:attachment":[{"href":"https:\/\/www.ernstbrunn-apotheke.at\/katalog\/wp-json\/wp\/v2\/media?parent=134890"}],"wp:term":[{"taxonomy":"product_brand","embeddable":true,"href":"https:\/\/www.ernstbrunn-apotheke.at\/katalog\/wp-json\/wp\/v2\/product_brand?post=134890"},{"taxonomy":"product_cat","embeddable":true,"href":"https:\/\/www.ernstbrunn-apotheke.at\/katalog\/wp-json\/wp\/v2\/product_cat?post=134890"},{"taxonomy":"product_tag","embeddable":true,"href":"https:\/\/www.ernstbrunn-apotheke.at\/katalog\/wp-json\/wp\/v2\/product_tag?post=134890"}],"curies":[{"name":"wp","href":"https:\/\/api.w.org\/{rel}","templated":true}]}}