{"id":134850,"date":"2025-11-14T15:54:42","date_gmt":"2025-11-14T14:54:42","guid":{"rendered":"https:\/\/www.ernstbrunn-apotheke.at\/katalog\/produkt\/sweatstop-fuss-spray-forte-max-100-ml\/"},"modified":"2025-12-09T10:23:10","modified_gmt":"2025-12-09T09:23:10","slug":"sweatstop-fuss-spray-forte-max-100-ml","status":"publish","type":"product","link":"https:\/\/www.ernstbrunn-apotheke.at\/katalog\/produkt\/sweatstop-fuss-spray-forte-max-100-ml\/","title":{"rendered":"Sweatstop Fu\u00df Spray forte Max 100 ml"},"content":{"rendered":"<p>Sweatstop Fu\u00df Spray forte Max hilft gegen Schwei\u00df- und Geruchsbildung an den F\u00fc\u00dfen. Mit dem speziell entwickelten Upside Down Pumpsystem wird eine m\u00fchelose Anwendung an den F\u00fc\u00dfen erm\u00f6glicht. Gibt Ihnen 24 Stunden das Gef\u00fchl der Sicherheit.<\/p>\n","protected":false},"excerpt":{"rendered":"<p>Sweatstop Fu\u00df Spray forte Max hilft gegen Schwei\u00df- und Geruchsbildung an den F\u00fc\u00dfen. Mit dem speziell entwickelten Upside Down Pumpsystem wird eine m\u00fchelose Anwendung an den F\u00fc\u00dfen erm\u00f6glicht. Gibt Ihnen 24 Stunden das Gef\u00fchl der Sicherheit.<\/p>\n","protected":false},"featured_media":134852,"template":"","meta":{"_acf_changed":false},"product_brand":[],"product_cat":[791],"product_tag":[],"class_list":{"0":"post-134850","1":"product","2":"type-product","3":"status-publish","4":"has-post-thumbnail","6":"product_cat-s","7":"pa_packungsgroesse-100ml","9":"first","10":"instock","11":"shipping-taxable","12":"purchasable","13":"product-type-simple"},"acf":[],"_links":{"self":[{"href":"https:\/\/www.ernstbrunn-apotheke.at\/katalog\/wp-json\/wp\/v2\/product\/134850","targetHints":{"allow":["GET"]}}],"collection":[{"href":"https:\/\/www.ernstbrunn-apotheke.at\/katalog\/wp-json\/wp\/v2\/product"}],"about":[{"href":"https:\/\/www.ernstbrunn-apotheke.at\/katalog\/wp-json\/wp\/v2\/types\/product"}],"wp:featuredmedia":[{"embeddable":true,"href":"https:\/\/www.ernstbrunn-apotheke.at\/katalog\/wp-json\/wp\/v2\/media\/134852"}],"wp:attachment":[{"href":"https:\/\/www.ernstbrunn-apotheke.at\/katalog\/wp-json\/wp\/v2\/media?parent=134850"}],"wp:term":[{"taxonomy":"product_brand","embeddable":true,"href":"https:\/\/www.ernstbrunn-apotheke.at\/katalog\/wp-json\/wp\/v2\/product_brand?post=134850"},{"taxonomy":"product_cat","embeddable":true,"href":"https:\/\/www.ernstbrunn-apotheke.at\/katalog\/wp-json\/wp\/v2\/product_cat?post=134850"},{"taxonomy":"product_tag","embeddable":true,"href":"https:\/\/www.ernstbrunn-apotheke.at\/katalog\/wp-json\/wp\/v2\/product_tag?post=134850"}],"curies":[{"name":"wp","href":"https:\/\/api.w.org\/{rel}","templated":true}]}}