{"id":134810,"date":"2025-11-14T15:53:42","date_gmt":"2025-11-14T14:53:42","guid":{"rendered":"https:\/\/www.ernstbrunn-apotheke.at\/katalog\/produkt\/supamun-power-nektar\/"},"modified":"2025-12-09T10:23:08","modified_gmt":"2025-12-09T09:23:08","slug":"supamun-power-nektar","status":"publish","type":"product","link":"https:\/\/www.ernstbrunn-apotheke.at\/katalog\/produkt\/supamun-power-nektar\/","title":{"rendered":"Supamun Power Nektar"},"content":{"rendered":"<p>Supamun Power Nektar, nur einmal t\u00e4glich eingenommen, kann durch die ausgewogene Dosierung von Vitamin C (gewonnen aus der Acerola Kirsche) und D3 sowie dem Spurenelement Zink zur normalen Funktion des Immunsystems beitragen. Au\u00dferdem enth\u00e4lt Supamun Power Nektar Manuka Honig und Propolis.Steuern Sie stressbedingter Immunschw\u00e4che rechtzeitig entgegen!.<\/p>\n","protected":false},"excerpt":{"rendered":"<p>Supamun Power Nektar, nur einmal t\u00e4glich eingenommen, kann durch die ausgewogene Dosierung von Vitamin C (gewonnen aus der Acerola Kirsche) und D3 sowie dem Spurenelement Zink zur normalen Funktion des Immunsystems beitragen. Au\u00dferdem enth\u00e4lt Supamun Power Nektar Manuka Honig und Propolis.Steuern Sie stressbedingter Immunschw\u00e4che rechtzeitig entgegen!.<\/p>\n","protected":false},"featured_media":134812,"template":"","meta":{"_acf_changed":false},"product_brand":[1370],"product_cat":[791],"product_tag":[],"class_list":{"0":"post-134810","1":"product","2":"type-product","3":"status-publish","4":"has-post-thumbnail","6":"product_brand-supamun","7":"product_cat-s","8":"pa_packungsgroesse-500ml","10":"first","11":"instock","12":"shipping-taxable","13":"purchasable","14":"product-type-simple"},"acf":[],"_links":{"self":[{"href":"https:\/\/www.ernstbrunn-apotheke.at\/katalog\/wp-json\/wp\/v2\/product\/134810","targetHints":{"allow":["GET"]}}],"collection":[{"href":"https:\/\/www.ernstbrunn-apotheke.at\/katalog\/wp-json\/wp\/v2\/product"}],"about":[{"href":"https:\/\/www.ernstbrunn-apotheke.at\/katalog\/wp-json\/wp\/v2\/types\/product"}],"wp:featuredmedia":[{"embeddable":true,"href":"https:\/\/www.ernstbrunn-apotheke.at\/katalog\/wp-json\/wp\/v2\/media\/134812"}],"wp:attachment":[{"href":"https:\/\/www.ernstbrunn-apotheke.at\/katalog\/wp-json\/wp\/v2\/media?parent=134810"}],"wp:term":[{"taxonomy":"product_brand","embeddable":true,"href":"https:\/\/www.ernstbrunn-apotheke.at\/katalog\/wp-json\/wp\/v2\/product_brand?post=134810"},{"taxonomy":"product_cat","embeddable":true,"href":"https:\/\/www.ernstbrunn-apotheke.at\/katalog\/wp-json\/wp\/v2\/product_cat?post=134810"},{"taxonomy":"product_tag","embeddable":true,"href":"https:\/\/www.ernstbrunn-apotheke.at\/katalog\/wp-json\/wp\/v2\/product_tag?post=134810"}],"curies":[{"name":"wp","href":"https:\/\/api.w.org\/{rel}","templated":true}]}}