{"id":134770,"date":"2025-11-14T15:52:40","date_gmt":"2025-11-14T14:52:40","guid":{"rendered":"https:\/\/www.ernstbrunn-apotheke.at\/katalog\/produkt\/supamun-immun-brause-vegan-30-stk\/"},"modified":"2025-12-09T10:23:06","modified_gmt":"2025-12-09T09:23:06","slug":"supamun-immun-brause-vegan-30-stk","status":"publish","type":"product","link":"https:\/\/www.ernstbrunn-apotheke.at\/katalog\/produkt\/supamun-immun-brause-vegan-30-stk\/","title":{"rendered":"Supamun Immun Brause Vegan 30 Stk."},"content":{"rendered":"<p>Supamun\u00ae Immun Brause ist ein Nahrungserg\u00e4nzungsmittel in Brauseform mit Blutorangengeschmack. Es enth\u00e4lt veganes Vitamin D3, B-Vitamine, Fols\u00e4ure und Eisen &#8211; speziell f\u00fcr die vegetarische und vegane Lebensweise..<\/p>\n","protected":false},"excerpt":{"rendered":"<p>Supamun\u00ae Immun Brause ist ein Nahrungserg\u00e4nzungsmittel in Brauseform mit Blutorangengeschmack. Es enth\u00e4lt veganes Vitamin D3, B-Vitamine, Fols\u00e4ure und Eisen &#8211; speziell f\u00fcr die vegetarische und vegane Lebensweise..<\/p>\n","protected":false},"featured_media":134772,"template":"","meta":{"_acf_changed":false},"product_brand":[1370],"product_cat":[791],"product_tag":[],"class_list":{"0":"post-134770","1":"product","2":"type-product","3":"status-publish","4":"has-post-thumbnail","6":"product_brand-supamun","7":"product_cat-s","8":"pa_packungsgroesse-30-stueck","10":"first","11":"instock","12":"shipping-taxable","13":"purchasable","14":"product-type-simple"},"acf":[],"_links":{"self":[{"href":"https:\/\/www.ernstbrunn-apotheke.at\/katalog\/wp-json\/wp\/v2\/product\/134770","targetHints":{"allow":["GET"]}}],"collection":[{"href":"https:\/\/www.ernstbrunn-apotheke.at\/katalog\/wp-json\/wp\/v2\/product"}],"about":[{"href":"https:\/\/www.ernstbrunn-apotheke.at\/katalog\/wp-json\/wp\/v2\/types\/product"}],"wp:featuredmedia":[{"embeddable":true,"href":"https:\/\/www.ernstbrunn-apotheke.at\/katalog\/wp-json\/wp\/v2\/media\/134772"}],"wp:attachment":[{"href":"https:\/\/www.ernstbrunn-apotheke.at\/katalog\/wp-json\/wp\/v2\/media?parent=134770"}],"wp:term":[{"taxonomy":"product_brand","embeddable":true,"href":"https:\/\/www.ernstbrunn-apotheke.at\/katalog\/wp-json\/wp\/v2\/product_brand?post=134770"},{"taxonomy":"product_cat","embeddable":true,"href":"https:\/\/www.ernstbrunn-apotheke.at\/katalog\/wp-json\/wp\/v2\/product_cat?post=134770"},{"taxonomy":"product_tag","embeddable":true,"href":"https:\/\/www.ernstbrunn-apotheke.at\/katalog\/wp-json\/wp\/v2\/product_tag?post=134770"}],"curies":[{"name":"wp","href":"https:\/\/api.w.org\/{rel}","templated":true}]}}