{"id":134760,"date":"2025-11-14T15:52:09","date_gmt":"2025-11-14T14:52:09","guid":{"rendered":"https:\/\/www.ernstbrunn-apotheke.at\/katalog\/produkt\/supamun-akut-sticks-5-stk\/"},"modified":"2025-12-09T10:23:05","modified_gmt":"2025-12-09T09:23:05","slug":"supamun-akut-sticks-5-stk","status":"publish","type":"product","link":"https:\/\/www.ernstbrunn-apotheke.at\/katalog\/produkt\/supamun-akut-sticks-5-stk\/","title":{"rendered":"Supamun AKUT Sticks 5 Stk."},"content":{"rendered":"<p>Supamun AKUT Sticks ist ein Lebensmittel f\u00fcr besondere medizinische Zwecke (Bilanzierte Di\u00e4ten). F\u00fcr Kinder oder Jugendliche ist Supamun\u00ae AKUT Sticks nicht geeignet. Die Einnahme von Supamun\u00ae AKUT Sticks w\u00e4hrend der Schwangerschaft und Stillzeit ist m\u00f6glich. Zum Di\u00e4tmanagement bei grippalen Infekten.<\/p>\n","protected":false},"excerpt":{"rendered":"<p>Supamun AKUT Sticks ist ein Lebensmittel f\u00fcr besondere medizinische Zwecke (Bilanzierte Di\u00e4ten). F\u00fcr Kinder oder Jugendliche ist Supamun\u00ae AKUT Sticks nicht geeignet. Die Einnahme von Supamun\u00ae AKUT Sticks w\u00e4hrend der Schwangerschaft und Stillzeit ist m\u00f6glich. Zum Di\u00e4tmanagement bei grippalen Infekten.<\/p>\n","protected":false},"featured_media":134762,"template":"","meta":{"_acf_changed":false},"product_brand":[1370],"product_cat":[791],"product_tag":[],"class_list":{"0":"post-134760","1":"product","2":"type-product","3":"status-publish","4":"has-post-thumbnail","6":"product_brand-supamun","7":"product_cat-s","8":"pa_packungsgroesse-5-stueck","10":"first","11":"instock","12":"shipping-taxable","13":"purchasable","14":"product-type-simple"},"acf":[],"_links":{"self":[{"href":"https:\/\/www.ernstbrunn-apotheke.at\/katalog\/wp-json\/wp\/v2\/product\/134760","targetHints":{"allow":["GET"]}}],"collection":[{"href":"https:\/\/www.ernstbrunn-apotheke.at\/katalog\/wp-json\/wp\/v2\/product"}],"about":[{"href":"https:\/\/www.ernstbrunn-apotheke.at\/katalog\/wp-json\/wp\/v2\/types\/product"}],"wp:featuredmedia":[{"embeddable":true,"href":"https:\/\/www.ernstbrunn-apotheke.at\/katalog\/wp-json\/wp\/v2\/media\/134762"}],"wp:attachment":[{"href":"https:\/\/www.ernstbrunn-apotheke.at\/katalog\/wp-json\/wp\/v2\/media?parent=134760"}],"wp:term":[{"taxonomy":"product_brand","embeddable":true,"href":"https:\/\/www.ernstbrunn-apotheke.at\/katalog\/wp-json\/wp\/v2\/product_brand?post=134760"},{"taxonomy":"product_cat","embeddable":true,"href":"https:\/\/www.ernstbrunn-apotheke.at\/katalog\/wp-json\/wp\/v2\/product_cat?post=134760"},{"taxonomy":"product_tag","embeddable":true,"href":"https:\/\/www.ernstbrunn-apotheke.at\/katalog\/wp-json\/wp\/v2\/product_tag?post=134760"}],"curies":[{"name":"wp","href":"https:\/\/api.w.org\/{rel}","templated":true}]}}