{"id":13476,"date":"2025-11-07T15:08:02","date_gmt":"2025-11-07T14:08:02","guid":{"rendered":"https:\/\/www.ernstbrunn-apotheke.at\/katalog\/produkt\/dr-ehrenberger-msm-pflanzliche-schwefelverbindung-kapseln-150-stk\/"},"modified":"2025-12-08T13:35:38","modified_gmt":"2025-12-08T12:35:38","slug":"dr-ehrenberger-msm-pflanzliche-schwefelverbindung-kapseln-150-stk","status":"publish","type":"product","link":"https:\/\/www.ernstbrunn-apotheke.at\/katalog\/produkt\/dr-ehrenberger-msm-pflanzliche-schwefelverbindung-kapseln-150-stk\/","title":{"rendered":"Dr. Ehrenberger MSM pflanzliche Schwefelverbindung Kapseln 150 Stk."},"content":{"rendered":"<p>Dr. Ehrenberger Naturprodukte MSM Kapseln bestehen aus rein pflanzlichem und nat\u00fcrlichem MSM (Methyl Sulfonyl Methan). Durch ein spezielles Destilationsverfahren wird das MSM gewonnen und schonend von Hand weiterverarbeitet. So kommen die Kapseln ohne Beistoffe aus und erzielen eine Dosierung von 1000 mg pro St\u00fcck. Ideal zur t\u00e4glichen Nahrungserg\u00e4nzung<\/p>\n","protected":false},"excerpt":{"rendered":"<p>Dr. Ehrenberger Naturprodukte MSM Kapseln bestehen aus rein pflanzlichem und nat\u00fcrlichem MSM (Methyl Sulfonyl Methan). Durch ein spezielles Destilationsverfahren wird das MSM gewonnen und schonend von Hand weiterverarbeitet. So kommen die Kapseln ohne Beistoffe aus und erzielen eine Dosierung von 1000 mg pro St\u00fcck. Ideal zur t\u00e4glichen Nahrungserg\u00e4nzung<\/p>\n","protected":false},"featured_media":13478,"template":"","meta":{"_acf_changed":false},"product_brand":[509],"product_cat":[792],"product_tag":[],"class_list":{"0":"post-13476","1":"product","2":"type-product","3":"status-publish","4":"has-post-thumbnail","6":"product_brand-dr-ehrenberger","7":"product_cat-d","8":"pa_packungsgroesse-150-stueck","10":"first","11":"instock","12":"shipping-taxable","13":"purchasable","14":"product-type-simple"},"acf":[],"_links":{"self":[{"href":"https:\/\/www.ernstbrunn-apotheke.at\/katalog\/wp-json\/wp\/v2\/product\/13476","targetHints":{"allow":["GET"]}}],"collection":[{"href":"https:\/\/www.ernstbrunn-apotheke.at\/katalog\/wp-json\/wp\/v2\/product"}],"about":[{"href":"https:\/\/www.ernstbrunn-apotheke.at\/katalog\/wp-json\/wp\/v2\/types\/product"}],"wp:featuredmedia":[{"embeddable":true,"href":"https:\/\/www.ernstbrunn-apotheke.at\/katalog\/wp-json\/wp\/v2\/media\/13478"}],"wp:attachment":[{"href":"https:\/\/www.ernstbrunn-apotheke.at\/katalog\/wp-json\/wp\/v2\/media?parent=13476"}],"wp:term":[{"taxonomy":"product_brand","embeddable":true,"href":"https:\/\/www.ernstbrunn-apotheke.at\/katalog\/wp-json\/wp\/v2\/product_brand?post=13476"},{"taxonomy":"product_cat","embeddable":true,"href":"https:\/\/www.ernstbrunn-apotheke.at\/katalog\/wp-json\/wp\/v2\/product_cat?post=13476"},{"taxonomy":"product_tag","embeddable":true,"href":"https:\/\/www.ernstbrunn-apotheke.at\/katalog\/wp-json\/wp\/v2\/product_tag?post=13476"}],"curies":[{"name":"wp","href":"https:\/\/api.w.org\/{rel}","templated":true}]}}