{"id":134711,"date":"2025-11-14T15:51:11","date_gmt":"2025-11-14T14:51:11","guid":{"rendered":"https:\/\/www.ernstbrunn-apotheke.at\/katalog\/produkt\/weleda-stibium-metallicum-pr-d-6-trituration-20-g\/"},"modified":"2025-12-09T10:22:47","modified_gmt":"2025-12-09T09:22:47","slug":"weleda-stibium-metallicum-pr-d-6-trituration-20-g","status":"publish","type":"product","link":"https:\/\/www.ernstbrunn-apotheke.at\/katalog\/produkt\/weleda-stibium-metallicum-pr-d-6-trituration-20-g\/","title":{"rendered":"Weleda Stibium Metallicum PR D 6 Trituration 20 g"},"content":{"rendered":"<p>Weleda Stibium Metallicum wird bei geschw\u00fcrig-entz\u00fcndlichen Ver\u00e4nderungen im Magen-Darm-Trakt und an der Haut sowie bei Blutungen empfohlen. Auch bei allergischen und katarrhalischen Zust\u00e4nden der oberen Luftwege ist es geeignet, sodass es als Zusatzbehandlung bei Bronchialasthma und Herzrhythmusst\u00f6rungen eingesetzt wird. Auch bei St\u00f6rungen von Antrieb und Ged\u00e4chtnis sowie Verstimmungen schafft es Abhilfe.<\/p>\n","protected":false},"excerpt":{"rendered":"<p>Weleda Stibium Metallicum wird bei geschw\u00fcrig-entz\u00fcndlichen Ver\u00e4nderungen im Magen-Darm-Trakt und an der Haut sowie bei Blutungen empfohlen. Auch bei allergischen und katarrhalischen Zust\u00e4nden der oberen Luftwege ist es geeignet, sodass es als Zusatzbehandlung bei Bronchialasthma und Herzrhythmusst\u00f6rungen eingesetzt wird. Auch bei St\u00f6rungen von Antrieb und Ged\u00e4chtnis sowie Verstimmungen schafft es Abhilfe.<\/p>\n","protected":false},"featured_media":0,"template":"","meta":{"_acf_changed":false},"product_brand":[567],"product_cat":[796],"product_tag":[],"class_list":{"0":"post-134711","1":"product","2":"type-product","3":"status-publish","5":"product_brand-weleda","6":"product_cat-w","7":"pa_packungsgroesse-20g","9":"first","10":"instock","11":"shipping-taxable","12":"purchasable","13":"product-type-simple"},"acf":[],"_links":{"self":[{"href":"https:\/\/www.ernstbrunn-apotheke.at\/katalog\/wp-json\/wp\/v2\/product\/134711","targetHints":{"allow":["GET"]}}],"collection":[{"href":"https:\/\/www.ernstbrunn-apotheke.at\/katalog\/wp-json\/wp\/v2\/product"}],"about":[{"href":"https:\/\/www.ernstbrunn-apotheke.at\/katalog\/wp-json\/wp\/v2\/types\/product"}],"wp:attachment":[{"href":"https:\/\/www.ernstbrunn-apotheke.at\/katalog\/wp-json\/wp\/v2\/media?parent=134711"}],"wp:term":[{"taxonomy":"product_brand","embeddable":true,"href":"https:\/\/www.ernstbrunn-apotheke.at\/katalog\/wp-json\/wp\/v2\/product_brand?post=134711"},{"taxonomy":"product_cat","embeddable":true,"href":"https:\/\/www.ernstbrunn-apotheke.at\/katalog\/wp-json\/wp\/v2\/product_cat?post=134711"},{"taxonomy":"product_tag","embeddable":true,"href":"https:\/\/www.ernstbrunn-apotheke.at\/katalog\/wp-json\/wp\/v2\/product_tag?post=134711"}],"curies":[{"name":"wp","href":"https:\/\/api.w.org\/{rel}","templated":true}]}}