{"id":134407,"date":"2025-11-14T15:42:48","date_gmt":"2025-11-14T14:42:48","guid":{"rendered":"https:\/\/www.ernstbrunn-apotheke.at\/katalog\/produkt\/wala-skorodit-kreislauf-globuli-20-g\/"},"modified":"2025-12-09T10:21:57","modified_gmt":"2025-12-09T09:21:57","slug":"wala-skorodit-kreislauf-globuli-20-g","status":"publish","type":"product","link":"https:\/\/www.ernstbrunn-apotheke.at\/katalog\/produkt\/wala-skorodit-kreislauf-globuli-20-g\/","title":{"rendered":"Wala Skorodit Kreislauf Globuli 20 g"},"content":{"rendered":"<p>Wala Skorodit Kreislauf Globuli dienen der Anregung des Wesensgliederzusammenwirkens. So kommen sie etwa bei hypotonen Kreislaufregulationsst\u00f6rungen, Ersch\u00f6pfungszust\u00e4nden sowie Rekonvaleszenz zum Einsatz.<\/p>\n","protected":false},"excerpt":{"rendered":"<p>Wala Skorodit Kreislauf Globuli dienen der Anregung des Wesensgliederzusammenwirkens. So kommen sie etwa bei hypotonen Kreislaufregulationsst\u00f6rungen, Ersch\u00f6pfungszust\u00e4nden sowie Rekonvaleszenz zum Einsatz.<\/p>\n","protected":false},"featured_media":0,"template":"","meta":{"_acf_changed":false},"product_brand":[866],"product_cat":[796],"product_tag":[],"class_list":{"0":"post-134407","1":"product","2":"type-product","3":"status-publish","5":"product_brand-wala","6":"product_cat-w","7":"pa_packungsgroesse-20g","9":"first","10":"instock","11":"shipping-taxable","12":"purchasable","13":"product-type-simple"},"acf":[],"_links":{"self":[{"href":"https:\/\/www.ernstbrunn-apotheke.at\/katalog\/wp-json\/wp\/v2\/product\/134407","targetHints":{"allow":["GET"]}}],"collection":[{"href":"https:\/\/www.ernstbrunn-apotheke.at\/katalog\/wp-json\/wp\/v2\/product"}],"about":[{"href":"https:\/\/www.ernstbrunn-apotheke.at\/katalog\/wp-json\/wp\/v2\/types\/product"}],"wp:attachment":[{"href":"https:\/\/www.ernstbrunn-apotheke.at\/katalog\/wp-json\/wp\/v2\/media?parent=134407"}],"wp:term":[{"taxonomy":"product_brand","embeddable":true,"href":"https:\/\/www.ernstbrunn-apotheke.at\/katalog\/wp-json\/wp\/v2\/product_brand?post=134407"},{"taxonomy":"product_cat","embeddable":true,"href":"https:\/\/www.ernstbrunn-apotheke.at\/katalog\/wp-json\/wp\/v2\/product_cat?post=134407"},{"taxonomy":"product_tag","embeddable":true,"href":"https:\/\/www.ernstbrunn-apotheke.at\/katalog\/wp-json\/wp\/v2\/product_tag?post=134407"}],"curies":[{"name":"wp","href":"https:\/\/api.w.org\/{rel}","templated":true}]}}