{"id":13437,"date":"2025-11-07T15:07:17","date_gmt":"2025-11-07T14:07:17","guid":{"rendered":"https:\/\/www.ernstbrunn-apotheke.at\/katalog\/produkt\/amino-loges-tabletten-saeurekombi-100-stk\/"},"modified":"2025-12-08T13:35:34","modified_gmt":"2025-12-08T12:35:34","slug":"amino-loges-tabletten-saeurekombi-100-stk","status":"publish","type":"product","link":"https:\/\/www.ernstbrunn-apotheke.at\/katalog\/produkt\/amino-loges-tabletten-saeurekombi-100-stk\/","title":{"rendered":"Amino-Loges Tabletten S\u00e4urekombi 100 Stk."},"content":{"rendered":"<p>Die Dr. Loges + Co. GmbH entwickelt, produziert und vertreibt Phytopharmaka, hom\u00f6opathische Arzneien und Vitalstoffpr\u00e4parate. Die Wirkstoffe der Dr. Loges Produkte entstammen entweder dem Pflanzenreich oder sind Naturstoffe, wie Vitamine, Mineralien oder Spurenelemente. Oberste Verpflichtung ist dabei immer, unseren Kunden mit zuverl\u00e4ssig wirksamen und gut vertr\u00e4glichen Pr\u00e4paraten zu K\u00f6rperlichem und geistigem Wohlbefinden zu verhelfen.<\/p>\n","protected":false},"excerpt":{"rendered":"<p>Die Dr. Loges + Co. GmbH entwickelt, produziert und vertreibt Phytopharmaka, hom\u00f6opathische Arzneien und Vitalstoffpr\u00e4parate. Die Wirkstoffe der Dr. Loges Produkte entstammen entweder dem Pflanzenreich oder sind Naturstoffe, wie Vitamine, Mineralien oder Spurenelemente. Oberste Verpflichtung ist dabei immer, unseren Kunden mit zuverl\u00e4ssig wirksamen und gut vertr\u00e4glichen Pr\u00e4paraten zu K\u00f6rperlichem und geistigem Wohlbefinden zu verhelfen.<\/p>\n","protected":false},"featured_media":13439,"template":"","meta":{"_acf_changed":false},"product_brand":[508],"product_cat":[801],"product_tag":[],"class_list":{"0":"post-13437","1":"product","2":"type-product","3":"status-publish","4":"has-post-thumbnail","6":"product_brand-dr-loges","7":"product_cat-a","8":"pa_packungsgroesse-100-stueck","10":"first","11":"instock","12":"shipping-taxable","13":"purchasable","14":"product-type-simple"},"acf":[],"_links":{"self":[{"href":"https:\/\/www.ernstbrunn-apotheke.at\/katalog\/wp-json\/wp\/v2\/product\/13437","targetHints":{"allow":["GET"]}}],"collection":[{"href":"https:\/\/www.ernstbrunn-apotheke.at\/katalog\/wp-json\/wp\/v2\/product"}],"about":[{"href":"https:\/\/www.ernstbrunn-apotheke.at\/katalog\/wp-json\/wp\/v2\/types\/product"}],"wp:featuredmedia":[{"embeddable":true,"href":"https:\/\/www.ernstbrunn-apotheke.at\/katalog\/wp-json\/wp\/v2\/media\/13439"}],"wp:attachment":[{"href":"https:\/\/www.ernstbrunn-apotheke.at\/katalog\/wp-json\/wp\/v2\/media?parent=13437"}],"wp:term":[{"taxonomy":"product_brand","embeddable":true,"href":"https:\/\/www.ernstbrunn-apotheke.at\/katalog\/wp-json\/wp\/v2\/product_brand?post=13437"},{"taxonomy":"product_cat","embeddable":true,"href":"https:\/\/www.ernstbrunn-apotheke.at\/katalog\/wp-json\/wp\/v2\/product_cat?post=13437"},{"taxonomy":"product_tag","embeddable":true,"href":"https:\/\/www.ernstbrunn-apotheke.at\/katalog\/wp-json\/wp\/v2\/product_tag?post=13437"}],"curies":[{"name":"wp","href":"https:\/\/api.w.org\/{rel}","templated":true}]}}