{"id":134212,"date":"2025-11-14T15:38:11","date_gmt":"2025-11-14T14:38:11","guid":{"rendered":"https:\/\/www.ernstbrunn-apotheke.at\/katalog\/produkt\/sekowa-backferment-250-g\/"},"modified":"2025-12-09T10:20:57","modified_gmt":"2025-12-09T09:20:57","slug":"sekowa-backferment-250-g","status":"publish","type":"product","link":"https:\/\/www.ernstbrunn-apotheke.at\/katalog\/produkt\/sekowa-backferment-250-g\/","title":{"rendered":"Sekowa Backferment 250 g"},"content":{"rendered":"<p>Sekowa Backferment ist ein Teiglockerungsmittel mit unvergleichlichen Eigenschaften. Unvergleichlich deshalb, weil es anders als andere Backmittel auf der Grundlage von hochwertigem Bl\u00fctenhonig, biologisch angebauten Erbsen, Weizen und Mais aus spontaner G\u00e4rung hergestellt wird. Der Einsatz dieses Produktes f\u00fchrt zu einem milden, unverwechselbaren Geschmack der Backwaren.<\/p>\n","protected":false},"excerpt":{"rendered":"<p>Sekowa Backferment ist ein Teiglockerungsmittel mit unvergleichlichen Eigenschaften. Unvergleichlich deshalb, weil es anders als andere Backmittel auf der Grundlage von hochwertigem Bl\u00fctenhonig, biologisch angebauten Erbsen, Weizen und Mais aus spontaner G\u00e4rung hergestellt wird. Der Einsatz dieses Produktes f\u00fchrt zu einem milden, unverwechselbaren Geschmack der Backwaren.<\/p>\n","protected":false},"featured_media":0,"template":"","meta":{"_acf_changed":false},"product_brand":[],"product_cat":[791],"product_tag":[],"class_list":{"0":"post-134212","1":"product","2":"type-product","3":"status-publish","5":"product_cat-s","6":"pa_packungsgroesse-250g","8":"first","9":"instock","10":"shipping-taxable","11":"purchasable","12":"product-type-simple"},"acf":[],"_links":{"self":[{"href":"https:\/\/www.ernstbrunn-apotheke.at\/katalog\/wp-json\/wp\/v2\/product\/134212","targetHints":{"allow":["GET"]}}],"collection":[{"href":"https:\/\/www.ernstbrunn-apotheke.at\/katalog\/wp-json\/wp\/v2\/product"}],"about":[{"href":"https:\/\/www.ernstbrunn-apotheke.at\/katalog\/wp-json\/wp\/v2\/types\/product"}],"wp:attachment":[{"href":"https:\/\/www.ernstbrunn-apotheke.at\/katalog\/wp-json\/wp\/v2\/media?parent=134212"}],"wp:term":[{"taxonomy":"product_brand","embeddable":true,"href":"https:\/\/www.ernstbrunn-apotheke.at\/katalog\/wp-json\/wp\/v2\/product_brand?post=134212"},{"taxonomy":"product_cat","embeddable":true,"href":"https:\/\/www.ernstbrunn-apotheke.at\/katalog\/wp-json\/wp\/v2\/product_cat?post=134212"},{"taxonomy":"product_tag","embeddable":true,"href":"https:\/\/www.ernstbrunn-apotheke.at\/katalog\/wp-json\/wp\/v2\/product_tag?post=134212"}],"curies":[{"name":"wp","href":"https:\/\/api.w.org\/{rel}","templated":true}]}}