{"id":13416,"date":"2025-11-07T15:06:31","date_gmt":"2025-11-07T14:06:31","guid":{"rendered":"https:\/\/www.ernstbrunn-apotheke.at\/katalog\/produkt\/twardy-gelatinat-vital-kapseln\/"},"modified":"2025-12-08T13:35:30","modified_gmt":"2025-12-08T12:35:30","slug":"twardy-gelatinat-vital-kapseln","status":"publish","type":"product","link":"https:\/\/www.ernstbrunn-apotheke.at\/katalog\/produkt\/twardy-gelatinat-vital-kapseln\/","title":{"rendered":"Twardy Gelatinat Vital Kapseln"},"content":{"rendered":"<p>Twardy Gelatinat Vital Kapseln enthalten Gelatine-Hydrolysat, Calcium und Biotin. Eine \u00fcberm\u00e4\u00dfige k\u00f6rperliche Bet\u00e4tigung (z.B. durch Arbeit oder Sport) kann zu erh\u00f6hter Beanspruchung von Muskeln und Knochen f\u00fchren.<\/p>\n","protected":false},"excerpt":{"rendered":"<p>Twardy Gelatinat Vital Kapseln enthalten Gelatine-Hydrolysat, Calcium und Biotin. Eine \u00fcberm\u00e4\u00dfige k\u00f6rperliche Bet\u00e4tigung (z.B. durch Arbeit oder Sport) kann zu erh\u00f6hter Beanspruchung von Muskeln und Knochen f\u00fchren.<\/p>\n","protected":false},"featured_media":13418,"template":"","meta":{"_acf_changed":false},"product_brand":[507],"product_cat":[798],"product_tag":[],"class_list":{"0":"post-13416","1":"product","2":"type-product","3":"status-publish","4":"has-post-thumbnail","6":"product_brand-twardy","7":"product_cat-t","8":"pa_packungsgroesse-160-stueck","10":"first","11":"instock","12":"shipping-taxable","13":"purchasable","14":"product-type-simple"},"acf":[],"_links":{"self":[{"href":"https:\/\/www.ernstbrunn-apotheke.at\/katalog\/wp-json\/wp\/v2\/product\/13416","targetHints":{"allow":["GET"]}}],"collection":[{"href":"https:\/\/www.ernstbrunn-apotheke.at\/katalog\/wp-json\/wp\/v2\/product"}],"about":[{"href":"https:\/\/www.ernstbrunn-apotheke.at\/katalog\/wp-json\/wp\/v2\/types\/product"}],"wp:featuredmedia":[{"embeddable":true,"href":"https:\/\/www.ernstbrunn-apotheke.at\/katalog\/wp-json\/wp\/v2\/media\/13418"}],"wp:attachment":[{"href":"https:\/\/www.ernstbrunn-apotheke.at\/katalog\/wp-json\/wp\/v2\/media?parent=13416"}],"wp:term":[{"taxonomy":"product_brand","embeddable":true,"href":"https:\/\/www.ernstbrunn-apotheke.at\/katalog\/wp-json\/wp\/v2\/product_brand?post=13416"},{"taxonomy":"product_cat","embeddable":true,"href":"https:\/\/www.ernstbrunn-apotheke.at\/katalog\/wp-json\/wp\/v2\/product_cat?post=13416"},{"taxonomy":"product_tag","embeddable":true,"href":"https:\/\/www.ernstbrunn-apotheke.at\/katalog\/wp-json\/wp\/v2\/product_tag?post=13416"}],"curies":[{"name":"wp","href":"https:\/\/api.w.org\/{rel}","templated":true}]}}