{"id":134132,"date":"2025-11-14T15:36:23","date_gmt":"2025-11-14T14:36:23","guid":{"rendered":"https:\/\/www.ernstbrunn-apotheke.at\/katalog\/produkt\/tierra-verde-schwarzkuemmel-samen-aegyptisch-100-g\/"},"modified":"2025-12-09T10:20:39","modified_gmt":"2025-12-09T09:20:39","slug":"tierra-verde-schwarzkuemmel-samen-aegyptisch-100-g","status":"publish","type":"product","link":"https:\/\/www.ernstbrunn-apotheke.at\/katalog\/produkt\/tierra-verde-schwarzkuemmel-samen-aegyptisch-100-g\/","title":{"rendered":"Tierra Verde Schwarzk\u00fcmmel Samen \u00c4gyptisch 100 g"},"content":{"rendered":"<p>Tierra Verde Schwarzk\u00fcmmel Samen \u00c4gyptisch wirken u.a. schmerzlindernd, entz\u00fcndungshemmend, antibakteriell und antiviral.<\/p>\n","protected":false},"excerpt":{"rendered":"<p>Tierra Verde Schwarzk\u00fcmmel Samen \u00c4gyptisch wirken u.a. schmerzlindernd, entz\u00fcndungshemmend, antibakteriell und antiviral.<\/p>\n","protected":false},"featured_media":0,"template":"","meta":{"_acf_changed":false},"product_brand":[],"product_cat":[798],"product_tag":[],"class_list":{"0":"post-134132","1":"product","2":"type-product","3":"status-publish","5":"product_cat-t","6":"pa_packungsgroesse-100g","8":"first","9":"instock","10":"shipping-taxable","11":"purchasable","12":"product-type-simple"},"acf":[],"_links":{"self":[{"href":"https:\/\/www.ernstbrunn-apotheke.at\/katalog\/wp-json\/wp\/v2\/product\/134132","targetHints":{"allow":["GET"]}}],"collection":[{"href":"https:\/\/www.ernstbrunn-apotheke.at\/katalog\/wp-json\/wp\/v2\/product"}],"about":[{"href":"https:\/\/www.ernstbrunn-apotheke.at\/katalog\/wp-json\/wp\/v2\/types\/product"}],"wp:attachment":[{"href":"https:\/\/www.ernstbrunn-apotheke.at\/katalog\/wp-json\/wp\/v2\/media?parent=134132"}],"wp:term":[{"taxonomy":"product_brand","embeddable":true,"href":"https:\/\/www.ernstbrunn-apotheke.at\/katalog\/wp-json\/wp\/v2\/product_brand?post=134132"},{"taxonomy":"product_cat","embeddable":true,"href":"https:\/\/www.ernstbrunn-apotheke.at\/katalog\/wp-json\/wp\/v2\/product_cat?post=134132"},{"taxonomy":"product_tag","embeddable":true,"href":"https:\/\/www.ernstbrunn-apotheke.at\/katalog\/wp-json\/wp\/v2\/product_tag?post=134132"}],"curies":[{"name":"wp","href":"https:\/\/api.w.org\/{rel}","templated":true}]}}