{"id":134015,"date":"2025-11-14T15:33:49","date_gmt":"2025-11-14T14:33:49","guid":{"rendered":"https:\/\/www.ernstbrunn-apotheke.at\/katalog\/produkt\/pflueger-dr-schuessler-nr-12-calcium-sulfuricum-250-g\/"},"modified":"2025-12-09T10:20:23","modified_gmt":"2025-12-09T09:20:23","slug":"pflueger-dr-schuessler-nr-12-calcium-sulfuricum-250-g","status":"publish","type":"product","link":"https:\/\/www.ernstbrunn-apotheke.at\/katalog\/produkt\/pflueger-dr-schuessler-nr-12-calcium-sulfuricum-250-g\/","title":{"rendered":"Pfl\u00fcger Dr. Sch\u00fc\u00dfler Nr. 12 Calcium Sulfuricum 250 g"},"content":{"rendered":"<p>Pfl\u00fcger Dr. Sch\u00fc\u00dfler Nr. 12 Calcium Sulfuricum hat eine besondere Wirkung auf die Haut, die Schleimh\u00e4ute und die Dr\u00fcsen. Bei chronischen Entz\u00fcndungen eingesetzt, unterst\u00fctzt das Mittel die Neubildung von Zellen und f\u00f6rdert die rasche Heilung. Calcium sulfuricum regt den Stoffwechsel an und unterst\u00fctzt die Blutgerinnung. Calcium sulfuricum z\u00e4hlt als eines der wichtigsten Reinigungs- und Regenerationsmittel.<\/p>\n","protected":false},"excerpt":{"rendered":"<p>Pfl\u00fcger Dr. Sch\u00fc\u00dfler Nr. 12 Calcium Sulfuricum hat eine besondere Wirkung auf die Haut, die Schleimh\u00e4ute und die Dr\u00fcsen. Bei chronischen Entz\u00fcndungen eingesetzt, unterst\u00fctzt das Mittel die Neubildung von Zellen und f\u00f6rdert die rasche Heilung. Calcium sulfuricum regt den Stoffwechsel an und unterst\u00fctzt die Blutgerinnung. Calcium sulfuricum z\u00e4hlt als eines der wichtigsten Reinigungs- und Regenerationsmittel.<\/p>\n","protected":false},"featured_media":134017,"template":"","meta":{"_acf_changed":false},"product_brand":[],"product_cat":[793],"product_tag":[],"class_list":{"0":"post-134015","1":"product","2":"type-product","3":"status-publish","4":"has-post-thumbnail","6":"product_cat-p","7":"pa_packungsgroesse-250g","9":"first","10":"instock","11":"shipping-taxable","12":"purchasable","13":"product-type-simple"},"acf":[],"_links":{"self":[{"href":"https:\/\/www.ernstbrunn-apotheke.at\/katalog\/wp-json\/wp\/v2\/product\/134015","targetHints":{"allow":["GET"]}}],"collection":[{"href":"https:\/\/www.ernstbrunn-apotheke.at\/katalog\/wp-json\/wp\/v2\/product"}],"about":[{"href":"https:\/\/www.ernstbrunn-apotheke.at\/katalog\/wp-json\/wp\/v2\/types\/product"}],"wp:featuredmedia":[{"embeddable":true,"href":"https:\/\/www.ernstbrunn-apotheke.at\/katalog\/wp-json\/wp\/v2\/media\/134017"}],"wp:attachment":[{"href":"https:\/\/www.ernstbrunn-apotheke.at\/katalog\/wp-json\/wp\/v2\/media?parent=134015"}],"wp:term":[{"taxonomy":"product_brand","embeddable":true,"href":"https:\/\/www.ernstbrunn-apotheke.at\/katalog\/wp-json\/wp\/v2\/product_brand?post=134015"},{"taxonomy":"product_cat","embeddable":true,"href":"https:\/\/www.ernstbrunn-apotheke.at\/katalog\/wp-json\/wp\/v2\/product_cat?post=134015"},{"taxonomy":"product_tag","embeddable":true,"href":"https:\/\/www.ernstbrunn-apotheke.at\/katalog\/wp-json\/wp\/v2\/product_tag?post=134015"}],"curies":[{"name":"wp","href":"https:\/\/api.w.org\/{rel}","templated":true}]}}