{"id":133971,"date":"2025-11-14T15:32:49","date_gmt":"2025-11-14T14:32:49","guid":{"rendered":"https:\/\/www.ernstbrunn-apotheke.at\/katalog\/produkt\/chin-min-sport-fluessig-100-ml\/"},"modified":"2025-12-09T10:20:20","modified_gmt":"2025-12-09T09:20:20","slug":"chin-min-sport-fluessig-100-ml","status":"publish","type":"product","link":"https:\/\/www.ernstbrunn-apotheke.at\/katalog\/produkt\/chin-min-sport-fluessig-100-ml\/","title":{"rendered":"Chin Min Sport fl\u00fcssig 100 ml"},"content":{"rendered":"<p>Das Chin Min Sport Fluid wird zum Schutz vor Muskelbeschwerden und \u00dcberanstrengungen des Bewegungsapparates eingesetzt. Chin Min Sport Fluid w\u00e4rmt Muskeln auf, regt die Blutzirkulation an und bereitet das Muskelgewebe auf sportliche Belastungen vor.<\/p>\n","protected":false},"excerpt":{"rendered":"<p>Das Chin Min Sport Fluid wird zum Schutz vor Muskelbeschwerden und \u00dcberanstrengungen des Bewegungsapparates eingesetzt. Chin Min Sport Fluid w\u00e4rmt Muskeln auf, regt die Blutzirkulation an und bereitet das Muskelgewebe auf sportliche Belastungen vor.<\/p>\n","protected":false},"featured_media":133973,"template":"","meta":{"_acf_changed":false},"product_brand":[1286],"product_cat":[812],"product_tag":[],"class_list":{"0":"post-133971","1":"product","2":"type-product","3":"status-publish","4":"has-post-thumbnail","6":"product_brand-styx","7":"product_cat-c","8":"pa_packungsgroesse-100ml","10":"first","11":"instock","12":"shipping-taxable","13":"purchasable","14":"product-type-simple"},"acf":[],"_links":{"self":[{"href":"https:\/\/www.ernstbrunn-apotheke.at\/katalog\/wp-json\/wp\/v2\/product\/133971","targetHints":{"allow":["GET"]}}],"collection":[{"href":"https:\/\/www.ernstbrunn-apotheke.at\/katalog\/wp-json\/wp\/v2\/product"}],"about":[{"href":"https:\/\/www.ernstbrunn-apotheke.at\/katalog\/wp-json\/wp\/v2\/types\/product"}],"wp:featuredmedia":[{"embeddable":true,"href":"https:\/\/www.ernstbrunn-apotheke.at\/katalog\/wp-json\/wp\/v2\/media\/133973"}],"wp:attachment":[{"href":"https:\/\/www.ernstbrunn-apotheke.at\/katalog\/wp-json\/wp\/v2\/media?parent=133971"}],"wp:term":[{"taxonomy":"product_brand","embeddable":true,"href":"https:\/\/www.ernstbrunn-apotheke.at\/katalog\/wp-json\/wp\/v2\/product_brand?post=133971"},{"taxonomy":"product_cat","embeddable":true,"href":"https:\/\/www.ernstbrunn-apotheke.at\/katalog\/wp-json\/wp\/v2\/product_cat?post=133971"},{"taxonomy":"product_tag","embeddable":true,"href":"https:\/\/www.ernstbrunn-apotheke.at\/katalog\/wp-json\/wp\/v2\/product_tag?post=133971"}],"curies":[{"name":"wp","href":"https:\/\/api.w.org\/{rel}","templated":true}]}}