{"id":133967,"date":"2025-11-14T15:32:04","date_gmt":"2025-11-14T14:32:04","guid":{"rendered":"https:\/\/www.ernstbrunn-apotheke.at\/katalog\/produkt\/styx-shampoo-joghurt-200-ml\/"},"modified":"2025-12-09T10:20:19","modified_gmt":"2025-12-09T09:20:19","slug":"styx-shampoo-joghurt-200-ml","status":"publish","type":"product","link":"https:\/\/www.ernstbrunn-apotheke.at\/katalog\/produkt\/styx-shampoo-joghurt-200-ml\/","title":{"rendered":"Styx Shampoo Joghurt 200 ml"},"content":{"rendered":"<p>Dieses milde Shampoo mit Joghurt wurde speziell f\u00fcr die t\u00e4gliche Haarw\u00e4sche entwickelt. Die Milchs\u00e4ure im Joghurt hilft, den S\u00e4ureschutzmantel der Haut schneller zu regenerieren, die Kr\u00e4uterwirkstoffe geben dem Haar seidigen und satten Glanz..<\/p>\n","protected":false},"excerpt":{"rendered":"<p>Dieses milde Shampoo mit Joghurt wurde speziell f\u00fcr die t\u00e4gliche Haarw\u00e4sche entwickelt. Die Milchs\u00e4ure im Joghurt hilft, den S\u00e4ureschutzmantel der Haut schneller zu regenerieren, die Kr\u00e4uterwirkstoffe geben dem Haar seidigen und satten Glanz..<\/p>\n","protected":false},"featured_media":133969,"template":"","meta":{"_acf_changed":false},"product_brand":[1286],"product_cat":[791],"product_tag":[],"class_list":{"0":"post-133967","1":"product","2":"type-product","3":"status-publish","4":"has-post-thumbnail","6":"product_brand-styx","7":"product_cat-s","8":"pa_packungsgroesse-200ml","10":"first","11":"instock","12":"shipping-taxable","13":"purchasable","14":"product-type-simple"},"acf":[],"_links":{"self":[{"href":"https:\/\/www.ernstbrunn-apotheke.at\/katalog\/wp-json\/wp\/v2\/product\/133967","targetHints":{"allow":["GET"]}}],"collection":[{"href":"https:\/\/www.ernstbrunn-apotheke.at\/katalog\/wp-json\/wp\/v2\/product"}],"about":[{"href":"https:\/\/www.ernstbrunn-apotheke.at\/katalog\/wp-json\/wp\/v2\/types\/product"}],"wp:featuredmedia":[{"embeddable":true,"href":"https:\/\/www.ernstbrunn-apotheke.at\/katalog\/wp-json\/wp\/v2\/media\/133969"}],"wp:attachment":[{"href":"https:\/\/www.ernstbrunn-apotheke.at\/katalog\/wp-json\/wp\/v2\/media?parent=133967"}],"wp:term":[{"taxonomy":"product_brand","embeddable":true,"href":"https:\/\/www.ernstbrunn-apotheke.at\/katalog\/wp-json\/wp\/v2\/product_brand?post=133967"},{"taxonomy":"product_cat","embeddable":true,"href":"https:\/\/www.ernstbrunn-apotheke.at\/katalog\/wp-json\/wp\/v2\/product_cat?post=133967"},{"taxonomy":"product_tag","embeddable":true,"href":"https:\/\/www.ernstbrunn-apotheke.at\/katalog\/wp-json\/wp\/v2\/product_tag?post=133967"}],"curies":[{"name":"wp","href":"https:\/\/api.w.org\/{rel}","templated":true}]}}