{"id":133943,"date":"2025-11-14T15:31:45","date_gmt":"2025-11-14T14:31:45","guid":{"rendered":"https:\/\/www.ernstbrunn-apotheke.at\/katalog\/produkt\/styx-shampoo-kraeuter-200-ml-fette-haut\/"},"modified":"2025-12-09T10:20:17","modified_gmt":"2025-12-09T09:20:17","slug":"styx-shampoo-kraeuter-200-ml-fette-haut","status":"publish","type":"product","link":"https:\/\/www.ernstbrunn-apotheke.at\/katalog\/produkt\/styx-shampoo-kraeuter-200-ml-fette-haut\/","title":{"rendered":"Styx Shampoo Kr\u00e4uter 200 ml Fette Haut"},"content":{"rendered":"<p>Styx Naturkosmetikprodukte entstehen unter Verwendung pflanzlicher Rohstoffe aus biologischem Anbau oder Wildwuchs und kaltgepresster Pflanzen\u00f6le erster G\u00fcte. Der Verzicht auf Tierversuche ist f\u00fcr das Unternehmen ebenso selbstverst\u00e4ndlich wie die Verwendung umweltfreundlicher, recycelbarer Verpackungen.<\/p>\n","protected":false},"excerpt":{"rendered":"<p>Styx Naturkosmetikprodukte entstehen unter Verwendung pflanzlicher Rohstoffe aus biologischem Anbau oder Wildwuchs und kaltgepresster Pflanzen\u00f6le erster G\u00fcte. Der Verzicht auf Tierversuche ist f\u00fcr das Unternehmen ebenso selbstverst\u00e4ndlich wie die Verwendung umweltfreundlicher, recycelbarer Verpackungen.<\/p>\n","protected":false},"featured_media":133945,"template":"","meta":{"_acf_changed":false},"product_brand":[1286],"product_cat":[791],"product_tag":[],"class_list":{"0":"post-133943","1":"product","2":"type-product","3":"status-publish","4":"has-post-thumbnail","6":"product_brand-styx","7":"product_cat-s","8":"pa_packungsgroesse-200ml","10":"first","11":"instock","12":"shipping-taxable","13":"purchasable","14":"product-type-simple"},"acf":[],"_links":{"self":[{"href":"https:\/\/www.ernstbrunn-apotheke.at\/katalog\/wp-json\/wp\/v2\/product\/133943","targetHints":{"allow":["GET"]}}],"collection":[{"href":"https:\/\/www.ernstbrunn-apotheke.at\/katalog\/wp-json\/wp\/v2\/product"}],"about":[{"href":"https:\/\/www.ernstbrunn-apotheke.at\/katalog\/wp-json\/wp\/v2\/types\/product"}],"wp:featuredmedia":[{"embeddable":true,"href":"https:\/\/www.ernstbrunn-apotheke.at\/katalog\/wp-json\/wp\/v2\/media\/133945"}],"wp:attachment":[{"href":"https:\/\/www.ernstbrunn-apotheke.at\/katalog\/wp-json\/wp\/v2\/media?parent=133943"}],"wp:term":[{"taxonomy":"product_brand","embeddable":true,"href":"https:\/\/www.ernstbrunn-apotheke.at\/katalog\/wp-json\/wp\/v2\/product_brand?post=133943"},{"taxonomy":"product_cat","embeddable":true,"href":"https:\/\/www.ernstbrunn-apotheke.at\/katalog\/wp-json\/wp\/v2\/product_cat?post=133943"},{"taxonomy":"product_tag","embeddable":true,"href":"https:\/\/www.ernstbrunn-apotheke.at\/katalog\/wp-json\/wp\/v2\/product_tag?post=133943"}],"curies":[{"name":"wp","href":"https:\/\/api.w.org\/{rel}","templated":true}]}}