{"id":133935,"date":"2025-11-14T15:31:45","date_gmt":"2025-11-14T14:31:45","guid":{"rendered":"https:\/\/www.ernstbrunn-apotheke.at\/katalog\/produkt\/styx-henna-pulver-stark-rot-80-g\/"},"modified":"2025-12-09T10:20:16","modified_gmt":"2025-12-09T09:20:16","slug":"styx-henna-pulver-stark-rot-80-g","status":"publish","type":"product","link":"https:\/\/www.ernstbrunn-apotheke.at\/katalog\/produkt\/styx-henna-pulver-stark-rot-80-g\/","title":{"rendered":"Styx Henna Pulver Stark Rot 80 g"},"content":{"rendered":"<p>Styx Henna Pulver Stark Rot f\u00e4rbt helles Haar stark rot, w\u00e4hrend dunkles Haar eine intensiv rote Farbe annimmt. Schon seit der Antike ist au\u00dferdem bekannt, dass nat\u00fcrliches Henna die Haarqualit\u00e4t verbessert und f\u00fcr kr\u00e4ftiges, seidiges Haar sorgt.<\/p>\n","protected":false},"excerpt":{"rendered":"<p>Styx Henna Pulver Stark Rot f\u00e4rbt helles Haar stark rot, w\u00e4hrend dunkles Haar eine intensiv rote Farbe annimmt. Schon seit der Antike ist au\u00dferdem bekannt, dass nat\u00fcrliches Henna die Haarqualit\u00e4t verbessert und f\u00fcr kr\u00e4ftiges, seidiges Haar sorgt.<\/p>\n","protected":false},"featured_media":133937,"template":"","meta":{"_acf_changed":false},"product_brand":[1286],"product_cat":[791],"product_tag":[],"class_list":{"0":"post-133935","1":"product","2":"type-product","3":"status-publish","4":"has-post-thumbnail","6":"product_brand-styx","7":"product_cat-s","8":"pa_packungsgroesse-80g","10":"first","11":"instock","12":"shipping-taxable","13":"purchasable","14":"product-type-simple"},"acf":[],"_links":{"self":[{"href":"https:\/\/www.ernstbrunn-apotheke.at\/katalog\/wp-json\/wp\/v2\/product\/133935","targetHints":{"allow":["GET"]}}],"collection":[{"href":"https:\/\/www.ernstbrunn-apotheke.at\/katalog\/wp-json\/wp\/v2\/product"}],"about":[{"href":"https:\/\/www.ernstbrunn-apotheke.at\/katalog\/wp-json\/wp\/v2\/types\/product"}],"wp:featuredmedia":[{"embeddable":true,"href":"https:\/\/www.ernstbrunn-apotheke.at\/katalog\/wp-json\/wp\/v2\/media\/133937"}],"wp:attachment":[{"href":"https:\/\/www.ernstbrunn-apotheke.at\/katalog\/wp-json\/wp\/v2\/media?parent=133935"}],"wp:term":[{"taxonomy":"product_brand","embeddable":true,"href":"https:\/\/www.ernstbrunn-apotheke.at\/katalog\/wp-json\/wp\/v2\/product_brand?post=133935"},{"taxonomy":"product_cat","embeddable":true,"href":"https:\/\/www.ernstbrunn-apotheke.at\/katalog\/wp-json\/wp\/v2\/product_cat?post=133935"},{"taxonomy":"product_tag","embeddable":true,"href":"https:\/\/www.ernstbrunn-apotheke.at\/katalog\/wp-json\/wp\/v2\/product_tag?post=133935"}],"curies":[{"name":"wp","href":"https:\/\/api.w.org\/{rel}","templated":true}]}}