{"id":13386,"date":"2025-11-07T15:06:31","date_gmt":"2025-11-07T14:06:31","guid":{"rendered":"https:\/\/www.ernstbrunn-apotheke.at\/katalog\/produkt\/gruenlippmuschel-kapseln\/"},"modified":"2025-12-08T13:35:27","modified_gmt":"2025-12-08T12:35:27","slug":"gruenlippmuschel-kapseln","status":"publish","type":"product","link":"https:\/\/www.ernstbrunn-apotheke.at\/katalog\/produkt\/gruenlippmuschel-kapseln\/","title":{"rendered":"Gr\u00fcnlippmuschel Kapseln"},"content":{"rendered":"<p>Gall Pharma Gr\u00fcnlippmuschel Kapseln 60 Stk. enthalten 333 mg Gr\u00fcnlippmuschelpulver in einer Hartgelatinekapsel. Die Kapseln wirken entz\u00fcndungshemmend und schmerzlindernd. Au\u00dferdem sorgen sie f\u00fcr eien Verhinderung der Zerst\u00f6rung von Gelenkknorpel und f\u00fcr ein verbessertes Schmieren der Gelenke.<\/p>\n","protected":false},"excerpt":{"rendered":"<p>Gall Pharma Gr\u00fcnlippmuschel Kapseln 60 Stk. enthalten 333 mg Gr\u00fcnlippmuschelpulver in einer Hartgelatinekapsel. Die Kapseln wirken entz\u00fcndungshemmend und schmerzlindernd. Au\u00dferdem sorgen sie f\u00fcr eien Verhinderung der Zerst\u00f6rung von Gelenkknorpel und f\u00fcr ein verbessertes Schmieren der Gelenke.<\/p>\n","protected":false},"featured_media":13388,"template":"","meta":{"_acf_changed":false},"product_brand":[371],"product_cat":[810],"product_tag":[],"class_list":{"0":"post-13386","1":"product","2":"type-product","3":"status-publish","4":"has-post-thumbnail","6":"product_brand-gall-pharma","7":"product_cat-g","8":"pa_packungsgroesse-180-stueck","9":"pa_packungsgroesse-60-stueck","11":"first","12":"instock","13":"shipping-taxable","14":"purchasable","15":"product-type-simple"},"acf":[],"_links":{"self":[{"href":"https:\/\/www.ernstbrunn-apotheke.at\/katalog\/wp-json\/wp\/v2\/product\/13386","targetHints":{"allow":["GET"]}}],"collection":[{"href":"https:\/\/www.ernstbrunn-apotheke.at\/katalog\/wp-json\/wp\/v2\/product"}],"about":[{"href":"https:\/\/www.ernstbrunn-apotheke.at\/katalog\/wp-json\/wp\/v2\/types\/product"}],"wp:featuredmedia":[{"embeddable":true,"href":"https:\/\/www.ernstbrunn-apotheke.at\/katalog\/wp-json\/wp\/v2\/media\/13388"}],"wp:attachment":[{"href":"https:\/\/www.ernstbrunn-apotheke.at\/katalog\/wp-json\/wp\/v2\/media?parent=13386"}],"wp:term":[{"taxonomy":"product_brand","embeddable":true,"href":"https:\/\/www.ernstbrunn-apotheke.at\/katalog\/wp-json\/wp\/v2\/product_brand?post=13386"},{"taxonomy":"product_cat","embeddable":true,"href":"https:\/\/www.ernstbrunn-apotheke.at\/katalog\/wp-json\/wp\/v2\/product_cat?post=13386"},{"taxonomy":"product_tag","embeddable":true,"href":"https:\/\/www.ernstbrunn-apotheke.at\/katalog\/wp-json\/wp\/v2\/product_tag?post=13386"}],"curies":[{"name":"wp","href":"https:\/\/api.w.org\/{rel}","templated":true}]}}