{"id":133817,"date":"2025-11-14T15:28:15","date_gmt":"2025-11-14T14:28:15","guid":{"rendered":"https:\/\/www.ernstbrunn-apotheke.at\/katalog\/produkt\/stabimed-desinfektionsmittel-1l\/"},"modified":"2025-12-09T10:20:00","modified_gmt":"2025-12-09T09:20:00","slug":"stabimed-desinfektionsmittel-1l","status":"publish","type":"product","link":"https:\/\/www.ernstbrunn-apotheke.at\/katalog\/produkt\/stabimed-desinfektionsmittel-1l\/","title":{"rendered":"Stabimed Desinfektionsmittel 1L"},"content":{"rendered":"<p>Stabimed Desinfektionsmittel dient zur Desinfektion und Reinigung von thermolabilen und thermostabilen Instrumenten. Das Mittel bewirkt eine schnelle und schonende Aufbereitung von chirurgischen und zahn\u00e4rztlichen Instrumenten, starren und flexiblen Endoskopen, An\u00e4sthesiezubeh\u00f6r, Laborger\u00e4ten und anderen thermolabilen Materialien.<\/p>\n","protected":false},"excerpt":{"rendered":"<p>Stabimed Desinfektionsmittel dient zur Desinfektion und Reinigung von thermolabilen und thermostabilen Instrumenten. Das Mittel bewirkt eine schnelle und schonende Aufbereitung von chirurgischen und zahn\u00e4rztlichen Instrumenten, starren und flexiblen Endoskopen, An\u00e4sthesiezubeh\u00f6r, Laborger\u00e4ten und anderen thermolabilen Materialien.<\/p>\n","protected":false},"featured_media":133819,"template":"","meta":{"_acf_changed":false},"product_brand":[],"product_cat":[791],"product_tag":[],"class_list":{"0":"post-133817","1":"product","2":"type-product","3":"status-publish","4":"has-post-thumbnail","6":"product_cat-s","7":"pa_packungsgroesse-1l","9":"first","10":"instock","11":"shipping-taxable","12":"purchasable","13":"product-type-simple"},"acf":[],"_links":{"self":[{"href":"https:\/\/www.ernstbrunn-apotheke.at\/katalog\/wp-json\/wp\/v2\/product\/133817","targetHints":{"allow":["GET"]}}],"collection":[{"href":"https:\/\/www.ernstbrunn-apotheke.at\/katalog\/wp-json\/wp\/v2\/product"}],"about":[{"href":"https:\/\/www.ernstbrunn-apotheke.at\/katalog\/wp-json\/wp\/v2\/types\/product"}],"wp:featuredmedia":[{"embeddable":true,"href":"https:\/\/www.ernstbrunn-apotheke.at\/katalog\/wp-json\/wp\/v2\/media\/133819"}],"wp:attachment":[{"href":"https:\/\/www.ernstbrunn-apotheke.at\/katalog\/wp-json\/wp\/v2\/media?parent=133817"}],"wp:term":[{"taxonomy":"product_brand","embeddable":true,"href":"https:\/\/www.ernstbrunn-apotheke.at\/katalog\/wp-json\/wp\/v2\/product_brand?post=133817"},{"taxonomy":"product_cat","embeddable":true,"href":"https:\/\/www.ernstbrunn-apotheke.at\/katalog\/wp-json\/wp\/v2\/product_cat?post=133817"},{"taxonomy":"product_tag","embeddable":true,"href":"https:\/\/www.ernstbrunn-apotheke.at\/katalog\/wp-json\/wp\/v2\/product_tag?post=133817"}],"curies":[{"name":"wp","href":"https:\/\/api.w.org\/{rel}","templated":true}]}}