{"id":133800,"date":"2025-11-14T15:27:43","date_gmt":"2025-11-14T14:27:43","guid":{"rendered":"https:\/\/www.ernstbrunn-apotheke.at\/katalog\/produkt\/sanatur-bio-spirulina-tabletten-400-mg-500-stk\/"},"modified":"2025-12-09T10:19:59","modified_gmt":"2025-12-09T09:19:59","slug":"sanatur-bio-spirulina-tabletten-400-mg-500-stk","status":"publish","type":"product","link":"https:\/\/www.ernstbrunn-apotheke.at\/katalog\/produkt\/sanatur-bio-spirulina-tabletten-400-mg-500-stk\/","title":{"rendered":"Sanatur Bio Spirulina Tabletten 400 mg 500 Stk."},"content":{"rendered":"<p>Sanatur Bio Spirulina Tabletten 400 mg enthalten Vitamin A, Eisen und Vitamin K. Diese Inhaltsstoffe tragen zur normalen Funktion des Immunsystems, zur Verringerung von M\u00fcdigkeit und Erm\u00fcdung sowie zur Erhaltung normaler Knochen und zur normalen Blutgerinnung bei. Das Produkt enth\u00e4lt ausschlie\u00dflich biologische Inhaltsstoffe.<\/p>\n","protected":false},"excerpt":{"rendered":"<p>Sanatur Bio Spirulina Tabletten 400 mg enthalten Vitamin A, Eisen und Vitamin K. Diese Inhaltsstoffe tragen zur normalen Funktion des Immunsystems, zur Verringerung von M\u00fcdigkeit und Erm\u00fcdung sowie zur Erhaltung normaler Knochen und zur normalen Blutgerinnung bei. Das Produkt enth\u00e4lt ausschlie\u00dflich biologische Inhaltsstoffe.<\/p>\n","protected":false},"featured_media":133802,"template":"","meta":{"_acf_changed":false},"product_brand":[],"product_cat":[791],"product_tag":[],"class_list":{"0":"post-133800","1":"product","2":"type-product","3":"status-publish","4":"has-post-thumbnail","6":"product_cat-s","7":"pa_packungsgroesse-500-stueck","9":"first","10":"instock","11":"shipping-taxable","12":"purchasable","13":"product-type-simple"},"acf":[],"_links":{"self":[{"href":"https:\/\/www.ernstbrunn-apotheke.at\/katalog\/wp-json\/wp\/v2\/product\/133800","targetHints":{"allow":["GET"]}}],"collection":[{"href":"https:\/\/www.ernstbrunn-apotheke.at\/katalog\/wp-json\/wp\/v2\/product"}],"about":[{"href":"https:\/\/www.ernstbrunn-apotheke.at\/katalog\/wp-json\/wp\/v2\/types\/product"}],"wp:featuredmedia":[{"embeddable":true,"href":"https:\/\/www.ernstbrunn-apotheke.at\/katalog\/wp-json\/wp\/v2\/media\/133802"}],"wp:attachment":[{"href":"https:\/\/www.ernstbrunn-apotheke.at\/katalog\/wp-json\/wp\/v2\/media?parent=133800"}],"wp:term":[{"taxonomy":"product_brand","embeddable":true,"href":"https:\/\/www.ernstbrunn-apotheke.at\/katalog\/wp-json\/wp\/v2\/product_brand?post=133800"},{"taxonomy":"product_cat","embeddable":true,"href":"https:\/\/www.ernstbrunn-apotheke.at\/katalog\/wp-json\/wp\/v2\/product_cat?post=133800"},{"taxonomy":"product_tag","embeddable":true,"href":"https:\/\/www.ernstbrunn-apotheke.at\/katalog\/wp-json\/wp\/v2\/product_tag?post=133800"}],"curies":[{"name":"wp","href":"https:\/\/api.w.org\/{rel}","templated":true}]}}