{"id":133768,"date":"2025-11-14T15:25:56","date_gmt":"2025-11-14T14:25:56","guid":{"rendered":"https:\/\/www.ernstbrunn-apotheke.at\/katalog\/produkt\/speick-men-active-rasierseife-150-g\/"},"modified":"2025-12-09T10:19:52","modified_gmt":"2025-12-09T09:19:52","slug":"speick-men-active-rasierseife-150-g","status":"publish","type":"product","link":"https:\/\/www.ernstbrunn-apotheke.at\/katalog\/produkt\/speick-men-active-rasierseife-150-g\/","title":{"rendered":"Speick Men Active Rasierseife 150 g"},"content":{"rendered":"<p>Die SPEICK MEN Active Rasierseife entspannt die Haut und erm\u00f6glicht die perfekte, klassische Nassrasur. Der cremige Schaum ist sanft zur Haut und die feine Duftkomposition mit reinen \u00e4therischen \u00d6len verw\u00f6hnt auf nat\u00fcrliche Weise. Zudem ist das Produkt 100% frei von synthetischen Duft- und Farbstoffen, Konservierungsstoffen, Silikonen, Parabenen und Rohstoffen auf Mineral\u00f6lbasis.<\/p>\n","protected":false},"excerpt":{"rendered":"<p>Die SPEICK MEN Active Rasierseife entspannt die Haut und erm\u00f6glicht die perfekte, klassische Nassrasur. Der cremige Schaum ist sanft zur Haut und die feine Duftkomposition mit reinen \u00e4therischen \u00d6len verw\u00f6hnt auf nat\u00fcrliche Weise. Zudem ist das Produkt 100% frei von synthetischen Duft- und Farbstoffen, Konservierungsstoffen, Silikonen, Parabenen und Rohstoffen auf Mineral\u00f6lbasis.<\/p>\n","protected":false},"featured_media":133770,"template":"","meta":{"_acf_changed":false},"product_brand":[],"product_cat":[791],"product_tag":[],"class_list":{"0":"post-133768","1":"product","2":"type-product","3":"status-publish","4":"has-post-thumbnail","6":"product_cat-s","7":"pa_packungsgroesse-150g","9":"first","10":"instock","11":"shipping-taxable","12":"purchasable","13":"product-type-simple"},"acf":[],"_links":{"self":[{"href":"https:\/\/www.ernstbrunn-apotheke.at\/katalog\/wp-json\/wp\/v2\/product\/133768","targetHints":{"allow":["GET"]}}],"collection":[{"href":"https:\/\/www.ernstbrunn-apotheke.at\/katalog\/wp-json\/wp\/v2\/product"}],"about":[{"href":"https:\/\/www.ernstbrunn-apotheke.at\/katalog\/wp-json\/wp\/v2\/types\/product"}],"wp:featuredmedia":[{"embeddable":true,"href":"https:\/\/www.ernstbrunn-apotheke.at\/katalog\/wp-json\/wp\/v2\/media\/133770"}],"wp:attachment":[{"href":"https:\/\/www.ernstbrunn-apotheke.at\/katalog\/wp-json\/wp\/v2\/media?parent=133768"}],"wp:term":[{"taxonomy":"product_brand","embeddable":true,"href":"https:\/\/www.ernstbrunn-apotheke.at\/katalog\/wp-json\/wp\/v2\/product_brand?post=133768"},{"taxonomy":"product_cat","embeddable":true,"href":"https:\/\/www.ernstbrunn-apotheke.at\/katalog\/wp-json\/wp\/v2\/product_cat?post=133768"},{"taxonomy":"product_tag","embeddable":true,"href":"https:\/\/www.ernstbrunn-apotheke.at\/katalog\/wp-json\/wp\/v2\/product_tag?post=133768"}],"curies":[{"name":"wp","href":"https:\/\/api.w.org\/{rel}","templated":true}]}}