{"id":133738,"date":"2025-11-14T15:24:50","date_gmt":"2025-11-14T14:24:50","guid":{"rendered":"https:\/\/www.ernstbrunn-apotheke.at\/katalog\/produkt\/sonnentor-zitronenverbene-tee-bio-18-btl\/"},"modified":"2025-12-09T10:19:51","modified_gmt":"2025-12-09T09:19:51","slug":"sonnentor-zitronenverbene-tee-bio-18-btl","status":"publish","type":"product","link":"https:\/\/www.ernstbrunn-apotheke.at\/katalog\/produkt\/sonnentor-zitronenverbene-tee-bio-18-btl\/","title":{"rendered":"Sonnentor Zitronenverbene Tee bio 18 Btl."},"content":{"rendered":"<p>Die richtige Wahl, wenn du zur Ruhe kommen und dich entspannt zur\u00fccklehnen m\u00f6chtest. Geschmacklich \u00fcberzeugt sie mit feinen Nuancen von Zitrone und Limette \u2013 und ist damit hervorragend als Digestif geeignet. Aus der Zitronenverbene, auch Luiserlkraut genannt, kann man nicht nur Tee machen! In Marokko wird sie halb in Milch, halb in Wasser angesetzt und als Latte Luisa getrunken. In der Kolonialzeit bekam das Getr\u00e4nk den Namen zu Ehren der gleichnamigen spanischen K\u00f6nigin.<\/p>\n","protected":false},"excerpt":{"rendered":"<p>Die richtige Wahl, wenn du zur Ruhe kommen und dich entspannt zur\u00fccklehnen m\u00f6chtest. Geschmacklich \u00fcberzeugt sie mit feinen Nuancen von Zitrone und Limette \u2013 und ist damit hervorragend als Digestif geeignet. Aus der Zitronenverbene, auch Luiserlkraut genannt, kann man nicht nur Tee machen! In Marokko wird sie halb in Milch, halb in Wasser angesetzt und [&hellip;]<\/p>\n","protected":false},"featured_media":133740,"template":"","meta":{"_acf_changed":false},"product_brand":[925],"product_cat":[791],"product_tag":[],"class_list":{"0":"post-133738","1":"product","2":"type-product","3":"status-publish","4":"has-post-thumbnail","6":"product_brand-sonnentor","7":"product_cat-s","8":"pa_packungsgroesse-18-beutel","10":"first","11":"instock","12":"shipping-taxable","13":"purchasable","14":"product-type-simple"},"acf":[],"_links":{"self":[{"href":"https:\/\/www.ernstbrunn-apotheke.at\/katalog\/wp-json\/wp\/v2\/product\/133738","targetHints":{"allow":["GET"]}}],"collection":[{"href":"https:\/\/www.ernstbrunn-apotheke.at\/katalog\/wp-json\/wp\/v2\/product"}],"about":[{"href":"https:\/\/www.ernstbrunn-apotheke.at\/katalog\/wp-json\/wp\/v2\/types\/product"}],"wp:featuredmedia":[{"embeddable":true,"href":"https:\/\/www.ernstbrunn-apotheke.at\/katalog\/wp-json\/wp\/v2\/media\/133740"}],"wp:attachment":[{"href":"https:\/\/www.ernstbrunn-apotheke.at\/katalog\/wp-json\/wp\/v2\/media?parent=133738"}],"wp:term":[{"taxonomy":"product_brand","embeddable":true,"href":"https:\/\/www.ernstbrunn-apotheke.at\/katalog\/wp-json\/wp\/v2\/product_brand?post=133738"},{"taxonomy":"product_cat","embeddable":true,"href":"https:\/\/www.ernstbrunn-apotheke.at\/katalog\/wp-json\/wp\/v2\/product_cat?post=133738"},{"taxonomy":"product_tag","embeddable":true,"href":"https:\/\/www.ernstbrunn-apotheke.at\/katalog\/wp-json\/wp\/v2\/product_tag?post=133738"}],"curies":[{"name":"wp","href":"https:\/\/api.w.org\/{rel}","templated":true}]}}