{"id":133728,"date":"2025-11-14T15:24:50","date_gmt":"2025-11-14T14:24:50","guid":{"rendered":"https:\/\/www.ernstbrunn-apotheke.at\/katalog\/produkt\/sonnentor-brennnessel-tee-bio-18-btl\/"},"modified":"2025-12-09T10:19:49","modified_gmt":"2025-12-09T09:19:49","slug":"sonnentor-brennnessel-tee-bio-18-btl","status":"publish","type":"product","link":"https:\/\/www.ernstbrunn-apotheke.at\/katalog\/produkt\/sonnentor-brennnessel-tee-bio-18-btl\/","title":{"rendered":"Sonnentor Brennnessel Tee bio 18 Btl."},"content":{"rendered":"<p>Die Brennnessel r\u00e4umt nach dem Winter so richtig auf. Auch sorgt sie mit ihrer aufgeweckten Art daf\u00fcr, den Fr\u00fchjahrsmuffel in dir zu vertreiben. Du wirst f\u00fcr ihren erfrischenden und herb-aromatischen Geschmack brennen. Wusstest du, dass die Brennnessel auch Donnernessel genannt wird? Das dem Donnergott Thor geweihte Kraut wurde dazu genutzt, Gewitter zu &#8222;verr\u00e4uchern&#8220;. Sie ist eine beliebte Allrounderin, die als Tee, in fr\u00fchlingshaften Gerichten und sogar als Pflanzend\u00fcnger Verwendung findet.<\/p>\n","protected":false},"excerpt":{"rendered":"<p>Die Brennnessel r\u00e4umt nach dem Winter so richtig auf. Auch sorgt sie mit ihrer aufgeweckten Art daf\u00fcr, den Fr\u00fchjahrsmuffel in dir zu vertreiben. Du wirst f\u00fcr ihren erfrischenden und herb-aromatischen Geschmack brennen. Wusstest du, dass die Brennnessel auch Donnernessel genannt wird? Das dem Donnergott Thor geweihte Kraut wurde dazu genutzt, Gewitter zu &#8222;verr\u00e4uchern&#8220;. Sie ist [&hellip;]<\/p>\n","protected":false},"featured_media":133730,"template":"","meta":{"_acf_changed":false},"product_brand":[925],"product_cat":[791],"product_tag":[],"class_list":{"0":"post-133728","1":"product","2":"type-product","3":"status-publish","4":"has-post-thumbnail","6":"product_brand-sonnentor","7":"product_cat-s","8":"pa_packungsgroesse-18-beutel","10":"first","11":"instock","12":"shipping-taxable","13":"purchasable","14":"product-type-simple"},"acf":[],"_links":{"self":[{"href":"https:\/\/www.ernstbrunn-apotheke.at\/katalog\/wp-json\/wp\/v2\/product\/133728","targetHints":{"allow":["GET"]}}],"collection":[{"href":"https:\/\/www.ernstbrunn-apotheke.at\/katalog\/wp-json\/wp\/v2\/product"}],"about":[{"href":"https:\/\/www.ernstbrunn-apotheke.at\/katalog\/wp-json\/wp\/v2\/types\/product"}],"wp:featuredmedia":[{"embeddable":true,"href":"https:\/\/www.ernstbrunn-apotheke.at\/katalog\/wp-json\/wp\/v2\/media\/133730"}],"wp:attachment":[{"href":"https:\/\/www.ernstbrunn-apotheke.at\/katalog\/wp-json\/wp\/v2\/media?parent=133728"}],"wp:term":[{"taxonomy":"product_brand","embeddable":true,"href":"https:\/\/www.ernstbrunn-apotheke.at\/katalog\/wp-json\/wp\/v2\/product_brand?post=133728"},{"taxonomy":"product_cat","embeddable":true,"href":"https:\/\/www.ernstbrunn-apotheke.at\/katalog\/wp-json\/wp\/v2\/product_cat?post=133728"},{"taxonomy":"product_tag","embeddable":true,"href":"https:\/\/www.ernstbrunn-apotheke.at\/katalog\/wp-json\/wp\/v2\/product_tag?post=133728"}],"curies":[{"name":"wp","href":"https:\/\/api.w.org\/{rel}","templated":true}]}}