{"id":133704,"date":"2025-11-14T15:24:04","date_gmt":"2025-11-14T14:24:04","guid":{"rendered":"https:\/\/www.ernstbrunn-apotheke.at\/katalog\/produkt\/sonnentor-franzls-braten-und-wildgewuerz-packung-40-g-bio\/"},"modified":"2025-12-09T10:19:48","modified_gmt":"2025-12-09T09:19:48","slug":"sonnentor-franzls-braten-und-wildgewuerz-packung-40-g-bio","status":"publish","type":"product","link":"https:\/\/www.ernstbrunn-apotheke.at\/katalog\/produkt\/sonnentor-franzls-braten-und-wildgewuerz-packung-40-g-bio\/","title":{"rendered":"Sonnentor Franzls Braten- und Wildgew\u00fcrz Packung 40 g BIO"},"content":{"rendered":"<p>Sonnentor Franzls Braten- und Wildgew\u00fcrz Packung 40 g bet\u00f6rt mit einem intensiven Duft nach Steinpilzen und wird durch eine harzige Note abgerundet. Rauchige Aromen bilden die perfekte W\u00fcrze f\u00fcr Wildsaucen und -ragouts. Am besten das Gew\u00fcrz kurz vor der Verwendung m\u00f6rsern und das Wildfleisch vorab damit beizen \u2013 Spitzengew\u00fcrze von Sonnentor jetzt stark preisgesenkt in Ihrer Sevus! Apotheke<\/p>\n","protected":false},"excerpt":{"rendered":"<p>Sonnentor Franzls Braten- und Wildgew\u00fcrz Packung 40 g bet\u00f6rt mit einem intensiven Duft nach Steinpilzen und wird durch eine harzige Note abgerundet. Rauchige Aromen bilden die perfekte W\u00fcrze f\u00fcr Wildsaucen und -ragouts. Am besten das Gew\u00fcrz kurz vor der Verwendung m\u00f6rsern und das Wildfleisch vorab damit beizen \u2013 Spitzengew\u00fcrze von Sonnentor jetzt stark preisgesenkt in [&hellip;]<\/p>\n","protected":false},"featured_media":133706,"template":"","meta":{"_acf_changed":false},"product_brand":[925],"product_cat":[791],"product_tag":[],"class_list":{"0":"post-133704","1":"product","2":"type-product","3":"status-publish","4":"has-post-thumbnail","6":"product_brand-sonnentor","7":"product_cat-s","8":"pa_packungsgroesse-40g","10":"first","11":"instock","12":"shipping-taxable","13":"purchasable","14":"product-type-simple"},"acf":[],"_links":{"self":[{"href":"https:\/\/www.ernstbrunn-apotheke.at\/katalog\/wp-json\/wp\/v2\/product\/133704","targetHints":{"allow":["GET"]}}],"collection":[{"href":"https:\/\/www.ernstbrunn-apotheke.at\/katalog\/wp-json\/wp\/v2\/product"}],"about":[{"href":"https:\/\/www.ernstbrunn-apotheke.at\/katalog\/wp-json\/wp\/v2\/types\/product"}],"wp:featuredmedia":[{"embeddable":true,"href":"https:\/\/www.ernstbrunn-apotheke.at\/katalog\/wp-json\/wp\/v2\/media\/133706"}],"wp:attachment":[{"href":"https:\/\/www.ernstbrunn-apotheke.at\/katalog\/wp-json\/wp\/v2\/media?parent=133704"}],"wp:term":[{"taxonomy":"product_brand","embeddable":true,"href":"https:\/\/www.ernstbrunn-apotheke.at\/katalog\/wp-json\/wp\/v2\/product_brand?post=133704"},{"taxonomy":"product_cat","embeddable":true,"href":"https:\/\/www.ernstbrunn-apotheke.at\/katalog\/wp-json\/wp\/v2\/product_cat?post=133704"},{"taxonomy":"product_tag","embeddable":true,"href":"https:\/\/www.ernstbrunn-apotheke.at\/katalog\/wp-json\/wp\/v2\/product_tag?post=133704"}],"curies":[{"name":"wp","href":"https:\/\/api.w.org\/{rel}","templated":true}]}}