{"id":133684,"date":"2025-11-14T15:23:24","date_gmt":"2025-11-14T14:23:24","guid":{"rendered":"https:\/\/www.ernstbrunn-apotheke.at\/katalog\/produkt\/sonnentor-aetherisches-oel-wintersonne-10-ml\/"},"modified":"2025-12-09T10:19:47","modified_gmt":"2025-12-09T09:19:47","slug":"sonnentor-aetherisches-oel-wintersonne-10-ml","status":"publish","type":"product","link":"https:\/\/www.ernstbrunn-apotheke.at\/katalog\/produkt\/sonnentor-aetherisches-oel-wintersonne-10-ml\/","title":{"rendered":"Sonnentor \u00c4therisches \u00d6l Wintersonne 10 ml"},"content":{"rendered":"<p>Das Sonnentor Wintersonne \u00e4therisches \u00d6l l\u00e4sst Sie den Weihnachtsstress erst gar nicht bemerken! Vanille ist ein echter Seelenstreichler und l\u00e4sst Sie die Hektik des Alltags im Nu vergessen. Die Einsatzm\u00f6glichkeiten sind so sch\u00f6n wie vielf\u00e4ltig: F\u00fcr die Duftlampe, die Sauna oder zum Mischen von K\u00f6rper\u00f6len eignet sich die Essenz aus reinsten Extrakten der Pflanze. Ganz ohne k\u00fcnstliche Zus\u00e4tze. Nicht zur Einnahme bestimmt! &#8211; jetzt online bestellen und direkt zu Ihnen nach Hause liefern lassen!<\/p>\n","protected":false},"excerpt":{"rendered":"<p>Das Sonnentor Wintersonne \u00e4therisches \u00d6l l\u00e4sst Sie den Weihnachtsstress erst gar nicht bemerken! Vanille ist ein echter Seelenstreichler und l\u00e4sst Sie die Hektik des Alltags im Nu vergessen. Die Einsatzm\u00f6glichkeiten sind so sch\u00f6n wie vielf\u00e4ltig: F\u00fcr die Duftlampe, die Sauna oder zum Mischen von K\u00f6rper\u00f6len eignet sich die Essenz aus reinsten Extrakten der Pflanze. Ganz [&hellip;]<\/p>\n","protected":false},"featured_media":133686,"template":"","meta":{"_acf_changed":false},"product_brand":[925],"product_cat":[791],"product_tag":[],"class_list":{"0":"post-133684","1":"product","2":"type-product","3":"status-publish","4":"has-post-thumbnail","6":"product_brand-sonnentor","7":"product_cat-s","8":"pa_packungsgroesse-10ml","10":"first","11":"instock","12":"shipping-taxable","13":"purchasable","14":"product-type-simple"},"acf":[],"_links":{"self":[{"href":"https:\/\/www.ernstbrunn-apotheke.at\/katalog\/wp-json\/wp\/v2\/product\/133684","targetHints":{"allow":["GET"]}}],"collection":[{"href":"https:\/\/www.ernstbrunn-apotheke.at\/katalog\/wp-json\/wp\/v2\/product"}],"about":[{"href":"https:\/\/www.ernstbrunn-apotheke.at\/katalog\/wp-json\/wp\/v2\/types\/product"}],"wp:featuredmedia":[{"embeddable":true,"href":"https:\/\/www.ernstbrunn-apotheke.at\/katalog\/wp-json\/wp\/v2\/media\/133686"}],"wp:attachment":[{"href":"https:\/\/www.ernstbrunn-apotheke.at\/katalog\/wp-json\/wp\/v2\/media?parent=133684"}],"wp:term":[{"taxonomy":"product_brand","embeddable":true,"href":"https:\/\/www.ernstbrunn-apotheke.at\/katalog\/wp-json\/wp\/v2\/product_brand?post=133684"},{"taxonomy":"product_cat","embeddable":true,"href":"https:\/\/www.ernstbrunn-apotheke.at\/katalog\/wp-json\/wp\/v2\/product_cat?post=133684"},{"taxonomy":"product_tag","embeddable":true,"href":"https:\/\/www.ernstbrunn-apotheke.at\/katalog\/wp-json\/wp\/v2\/product_tag?post=133684"}],"curies":[{"name":"wp","href":"https:\/\/api.w.org\/{rel}","templated":true}]}}