{"id":133674,"date":"2025-11-14T15:23:24","date_gmt":"2025-11-14T14:23:24","guid":{"rendered":"https:\/\/www.ernstbrunn-apotheke.at\/katalog\/produkt\/sonnentor-aetherisches-oel-winternacht-10-ml\/"},"modified":"2025-12-09T10:19:46","modified_gmt":"2025-12-09T09:19:46","slug":"sonnentor-aetherisches-oel-winternacht-10-ml","status":"publish","type":"product","link":"https:\/\/www.ernstbrunn-apotheke.at\/katalog\/produkt\/sonnentor-aetherisches-oel-winternacht-10-ml\/","title":{"rendered":"Sonnentor \u00c4therisches \u00d6l Winternacht 10 ml"},"content":{"rendered":"<p>Sonnentor Winternacht \u00e4therisches \u00d6l garantiert auch an kalten Wintertagen gem\u00fctliche Stunden. Die typisch weihnachtlichen Komponenten wie Mandarine, Zimt und Nelke lassen es ganz schnell warm ums Herz werden. Die Einsatzm\u00f6glichkeiten sind so sch\u00f6n wie vielf\u00e4ltig: F\u00fcr die Duftlampe, die Sauna oder zum Mischen von K\u00f6rper\u00f6len eignet sich die Essenz aus reinsten Extrakten der Pflanze. Ganz ohne k\u00fcnstliche Zus\u00e4tze. Nicht zur Einnahme bestimmt! &#8211; profitieren Sie von hohen Rabatten und dem gro\u00dfen Sortiment einer Standortapotheke!<\/p>\n","protected":false},"excerpt":{"rendered":"<p>Sonnentor Winternacht \u00e4therisches \u00d6l garantiert auch an kalten Wintertagen gem\u00fctliche Stunden. Die typisch weihnachtlichen Komponenten wie Mandarine, Zimt und Nelke lassen es ganz schnell warm ums Herz werden. Die Einsatzm\u00f6glichkeiten sind so sch\u00f6n wie vielf\u00e4ltig: F\u00fcr die Duftlampe, die Sauna oder zum Mischen von K\u00f6rper\u00f6len eignet sich die Essenz aus reinsten Extrakten der Pflanze. Ganz [&hellip;]<\/p>\n","protected":false},"featured_media":133676,"template":"","meta":{"_acf_changed":false},"product_brand":[925],"product_cat":[791],"product_tag":[],"class_list":{"0":"post-133674","1":"product","2":"type-product","3":"status-publish","4":"has-post-thumbnail","6":"product_brand-sonnentor","7":"product_cat-s","8":"pa_packungsgroesse-10ml","10":"first","11":"instock","12":"shipping-taxable","13":"purchasable","14":"product-type-simple"},"acf":[],"_links":{"self":[{"href":"https:\/\/www.ernstbrunn-apotheke.at\/katalog\/wp-json\/wp\/v2\/product\/133674","targetHints":{"allow":["GET"]}}],"collection":[{"href":"https:\/\/www.ernstbrunn-apotheke.at\/katalog\/wp-json\/wp\/v2\/product"}],"about":[{"href":"https:\/\/www.ernstbrunn-apotheke.at\/katalog\/wp-json\/wp\/v2\/types\/product"}],"wp:featuredmedia":[{"embeddable":true,"href":"https:\/\/www.ernstbrunn-apotheke.at\/katalog\/wp-json\/wp\/v2\/media\/133676"}],"wp:attachment":[{"href":"https:\/\/www.ernstbrunn-apotheke.at\/katalog\/wp-json\/wp\/v2\/media?parent=133674"}],"wp:term":[{"taxonomy":"product_brand","embeddable":true,"href":"https:\/\/www.ernstbrunn-apotheke.at\/katalog\/wp-json\/wp\/v2\/product_brand?post=133674"},{"taxonomy":"product_cat","embeddable":true,"href":"https:\/\/www.ernstbrunn-apotheke.at\/katalog\/wp-json\/wp\/v2\/product_cat?post=133674"},{"taxonomy":"product_tag","embeddable":true,"href":"https:\/\/www.ernstbrunn-apotheke.at\/katalog\/wp-json\/wp\/v2\/product_tag?post=133674"}],"curies":[{"name":"wp","href":"https:\/\/api.w.org\/{rel}","templated":true}]}}