{"id":133665,"date":"2025-11-14T15:23:10","date_gmt":"2025-11-14T14:23:10","guid":{"rendered":"https:\/\/www.ernstbrunn-apotheke.at\/katalog\/produkt\/sonnentor-fruehlingserwachen-aetherisches-oel-10-ml\/"},"modified":"2025-12-09T10:19:44","modified_gmt":"2025-12-09T09:19:44","slug":"sonnentor-fruehlingserwachen-aetherisches-oel-10-ml","status":"publish","type":"product","link":"https:\/\/www.ernstbrunn-apotheke.at\/katalog\/produkt\/sonnentor-fruehlingserwachen-aetherisches-oel-10-ml\/","title":{"rendered":"Sonnentor Fr\u00fchlingserwachen \u00e4therisches \u00d6l 10 ml"},"content":{"rendered":"<p>Sonnentor Fr\u00fchlingserwachen \u00e4therisches \u00d6l bio sorgt f\u00fcr frischen Duft und beste Laune nach einem langen Winter. Zitrone, Orange und Palmarosa sind die Hauptbestandteile dieser Komposition, die sich auch besonders vielseitig einsetzen l\u00e4sst: Sie verzaubert in der Duftlampe und in der Sauna oder eignet sich auch hervorragend zum Mischen von K\u00f6rper\u00f6len. Nicht zur Einnahme bestimmt!  jetzt mit Onlinerabatt bestellen! einfach.sicher.g\u00fcnstig.<\/p>\n","protected":false},"excerpt":{"rendered":"<p>Sonnentor Fr\u00fchlingserwachen \u00e4therisches \u00d6l bio sorgt f\u00fcr frischen Duft und beste Laune nach einem langen Winter. Zitrone, Orange und Palmarosa sind die Hauptbestandteile dieser Komposition, die sich auch besonders vielseitig einsetzen l\u00e4sst: Sie verzaubert in der Duftlampe und in der Sauna oder eignet sich auch hervorragend zum Mischen von K\u00f6rper\u00f6len. Nicht zur Einnahme bestimmt! jetzt [&hellip;]<\/p>\n","protected":false},"featured_media":133667,"template":"","meta":{"_acf_changed":false},"product_brand":[925],"product_cat":[791],"product_tag":[],"class_list":{"0":"post-133665","1":"product","2":"type-product","3":"status-publish","4":"has-post-thumbnail","6":"product_brand-sonnentor","7":"product_cat-s","8":"pa_packungsgroesse-10ml","10":"first","11":"instock","12":"shipping-taxable","13":"purchasable","14":"product-type-simple"},"acf":[],"_links":{"self":[{"href":"https:\/\/www.ernstbrunn-apotheke.at\/katalog\/wp-json\/wp\/v2\/product\/133665","targetHints":{"allow":["GET"]}}],"collection":[{"href":"https:\/\/www.ernstbrunn-apotheke.at\/katalog\/wp-json\/wp\/v2\/product"}],"about":[{"href":"https:\/\/www.ernstbrunn-apotheke.at\/katalog\/wp-json\/wp\/v2\/types\/product"}],"wp:featuredmedia":[{"embeddable":true,"href":"https:\/\/www.ernstbrunn-apotheke.at\/katalog\/wp-json\/wp\/v2\/media\/133667"}],"wp:attachment":[{"href":"https:\/\/www.ernstbrunn-apotheke.at\/katalog\/wp-json\/wp\/v2\/media?parent=133665"}],"wp:term":[{"taxonomy":"product_brand","embeddable":true,"href":"https:\/\/www.ernstbrunn-apotheke.at\/katalog\/wp-json\/wp\/v2\/product_brand?post=133665"},{"taxonomy":"product_cat","embeddable":true,"href":"https:\/\/www.ernstbrunn-apotheke.at\/katalog\/wp-json\/wp\/v2\/product_cat?post=133665"},{"taxonomy":"product_tag","embeddable":true,"href":"https:\/\/www.ernstbrunn-apotheke.at\/katalog\/wp-json\/wp\/v2\/product_tag?post=133665"}],"curies":[{"name":"wp","href":"https:\/\/api.w.org\/{rel}","templated":true}]}}