{"id":133662,"date":"2025-11-14T15:23:10","date_gmt":"2025-11-14T14:23:10","guid":{"rendered":"https:\/\/www.ernstbrunn-apotheke.at\/katalog\/produkt\/sonnentor-frischluft-aetherisches-oel-10-ml\/"},"modified":"2025-12-09T10:19:44","modified_gmt":"2025-12-09T09:19:44","slug":"sonnentor-frischluft-aetherisches-oel-10-ml","status":"publish","type":"product","link":"https:\/\/www.ernstbrunn-apotheke.at\/katalog\/produkt\/sonnentor-frischluft-aetherisches-oel-10-ml\/","title":{"rendered":"Sonnentor Frischluft \u00e4therisches \u00d6l 10 ml"},"content":{"rendered":"<p>Sonnentor Frischluft \u00e4therisches \u00d6l 10 ml ist perfekt f\u00fcr die kalte Jahreszeit und bringt Klarheit und Frische in Ihre R\u00e4ume. Lavendel, Zitrone, Nelkenknospen und Wei\u00dftanne sind die Hauptbestandteile dieser Komposition, die sich auch besonders vielseitig einsetzen l\u00e4sst: Sie verzaubert in der Duftlampe und in der Sauna oder eignet sich auch hervorragend zum Mischen von K\u00f6rper\u00f6len. Nicht zur Einnahme bestimmt! \u2013 jetzt mit Onlinerabatt bestellen! einfach.sicher.g\u00fcnstig.<\/p>\n","protected":false},"excerpt":{"rendered":"<p>Sonnentor Frischluft \u00e4therisches \u00d6l 10 ml ist perfekt f\u00fcr die kalte Jahreszeit und bringt Klarheit und Frische in Ihre R\u00e4ume. Lavendel, Zitrone, Nelkenknospen und Wei\u00dftanne sind die Hauptbestandteile dieser Komposition, die sich auch besonders vielseitig einsetzen l\u00e4sst: Sie verzaubert in der Duftlampe und in der Sauna oder eignet sich auch hervorragend zum Mischen von K\u00f6rper\u00f6len. [&hellip;]<\/p>\n","protected":false},"featured_media":133664,"template":"","meta":{"_acf_changed":false},"product_brand":[925],"product_cat":[791],"product_tag":[],"class_list":{"0":"post-133662","1":"product","2":"type-product","3":"status-publish","4":"has-post-thumbnail","6":"product_brand-sonnentor","7":"product_cat-s","8":"pa_packungsgroesse-10ml","10":"first","11":"instock","12":"shipping-taxable","13":"purchasable","14":"product-type-simple"},"acf":[],"_links":{"self":[{"href":"https:\/\/www.ernstbrunn-apotheke.at\/katalog\/wp-json\/wp\/v2\/product\/133662","targetHints":{"allow":["GET"]}}],"collection":[{"href":"https:\/\/www.ernstbrunn-apotheke.at\/katalog\/wp-json\/wp\/v2\/product"}],"about":[{"href":"https:\/\/www.ernstbrunn-apotheke.at\/katalog\/wp-json\/wp\/v2\/types\/product"}],"wp:featuredmedia":[{"embeddable":true,"href":"https:\/\/www.ernstbrunn-apotheke.at\/katalog\/wp-json\/wp\/v2\/media\/133664"}],"wp:attachment":[{"href":"https:\/\/www.ernstbrunn-apotheke.at\/katalog\/wp-json\/wp\/v2\/media?parent=133662"}],"wp:term":[{"taxonomy":"product_brand","embeddable":true,"href":"https:\/\/www.ernstbrunn-apotheke.at\/katalog\/wp-json\/wp\/v2\/product_brand?post=133662"},{"taxonomy":"product_cat","embeddable":true,"href":"https:\/\/www.ernstbrunn-apotheke.at\/katalog\/wp-json\/wp\/v2\/product_cat?post=133662"},{"taxonomy":"product_tag","embeddable":true,"href":"https:\/\/www.ernstbrunn-apotheke.at\/katalog\/wp-json\/wp\/v2\/product_tag?post=133662"}],"curies":[{"name":"wp","href":"https:\/\/api.w.org\/{rel}","templated":true}]}}