{"id":133659,"date":"2025-11-14T15:22:42","date_gmt":"2025-11-14T14:22:42","guid":{"rendered":"https:\/\/www.ernstbrunn-apotheke.at\/katalog\/produkt\/sonnentor-alles-liebe-aetherisches-oel-10-ml\/"},"modified":"2025-12-09T10:19:44","modified_gmt":"2025-12-09T09:19:44","slug":"sonnentor-alles-liebe-aetherisches-oel-10-ml","status":"publish","type":"product","link":"https:\/\/www.ernstbrunn-apotheke.at\/katalog\/produkt\/sonnentor-alles-liebe-aetherisches-oel-10-ml\/","title":{"rendered":"Sonnentor Alles Liebe \u00e4therisches \u00d6l 10 ml"},"content":{"rendered":"<p>Sonnentor Alles Liebe \u00e4therisches \u00d6l sorgt f\u00fcr Schmetterlinge im Bauch! Mandarine, Orange und Ylang Ylang  sind die Hauptbestandteile dieser Komposition, die sich auch besonders vielseitig einsetzen l\u00e4sst: Sie verzaubert in der Duftlampe und in der Sauna oder eignet sich auch hervorragend zum Mischen von K\u00f6rper\u00f6len. Nicht zur Einnahme bestimmt! \u2013 jetzt online bestellen &#8211; einfach.sicher.g\u00fcnstig.<\/p>\n","protected":false},"excerpt":{"rendered":"<p>Sonnentor Alles Liebe \u00e4therisches \u00d6l sorgt f\u00fcr Schmetterlinge im Bauch! Mandarine, Orange und Ylang Ylang sind die Hauptbestandteile dieser Komposition, die sich auch besonders vielseitig einsetzen l\u00e4sst: Sie verzaubert in der Duftlampe und in der Sauna oder eignet sich auch hervorragend zum Mischen von K\u00f6rper\u00f6len. Nicht zur Einnahme bestimmt! \u2013 jetzt online bestellen &#8211; einfach.sicher.g\u00fcnstig.<\/p>\n","protected":false},"featured_media":133661,"template":"","meta":{"_acf_changed":false},"product_brand":[925],"product_cat":[791],"product_tag":[],"class_list":{"0":"post-133659","1":"product","2":"type-product","3":"status-publish","4":"has-post-thumbnail","6":"product_brand-sonnentor","7":"product_cat-s","8":"pa_packungsgroesse-10ml","10":"first","11":"instock","12":"shipping-taxable","13":"purchasable","14":"product-type-simple"},"acf":[],"_links":{"self":[{"href":"https:\/\/www.ernstbrunn-apotheke.at\/katalog\/wp-json\/wp\/v2\/product\/133659","targetHints":{"allow":["GET"]}}],"collection":[{"href":"https:\/\/www.ernstbrunn-apotheke.at\/katalog\/wp-json\/wp\/v2\/product"}],"about":[{"href":"https:\/\/www.ernstbrunn-apotheke.at\/katalog\/wp-json\/wp\/v2\/types\/product"}],"wp:featuredmedia":[{"embeddable":true,"href":"https:\/\/www.ernstbrunn-apotheke.at\/katalog\/wp-json\/wp\/v2\/media\/133661"}],"wp:attachment":[{"href":"https:\/\/www.ernstbrunn-apotheke.at\/katalog\/wp-json\/wp\/v2\/media?parent=133659"}],"wp:term":[{"taxonomy":"product_brand","embeddable":true,"href":"https:\/\/www.ernstbrunn-apotheke.at\/katalog\/wp-json\/wp\/v2\/product_brand?post=133659"},{"taxonomy":"product_cat","embeddable":true,"href":"https:\/\/www.ernstbrunn-apotheke.at\/katalog\/wp-json\/wp\/v2\/product_cat?post=133659"},{"taxonomy":"product_tag","embeddable":true,"href":"https:\/\/www.ernstbrunn-apotheke.at\/katalog\/wp-json\/wp\/v2\/product_tag?post=133659"}],"curies":[{"name":"wp","href":"https:\/\/api.w.org\/{rel}","templated":true}]}}