{"id":133656,"date":"2025-11-14T15:22:42","date_gmt":"2025-11-14T14:22:42","guid":{"rendered":"https:\/\/www.ernstbrunn-apotheke.at\/katalog\/produkt\/sonnentor-aetherisches-oel-advent-10-ml\/"},"modified":"2025-12-09T10:19:42","modified_gmt":"2025-12-09T09:19:42","slug":"sonnentor-aetherisches-oel-advent-10-ml","status":"publish","type":"product","link":"https:\/\/www.ernstbrunn-apotheke.at\/katalog\/produkt\/sonnentor-aetherisches-oel-advent-10-ml\/","title":{"rendered":"Sonnentor \u00c4therisches \u00d6l Advent 10 ml"},"content":{"rendered":"<p>Die im Sonnentor Advent-\u00d6l enthaltenen Nelken, Orangen und das hochwertige Vanille-Extrakt ohne k\u00fcnstliche Zus\u00e4tze sorgen f\u00fcr Adventstimmung im Handumdrehen. Zudem ist das \u00e4therische \u00d6l vielf\u00e4ltig einsetzbar: F\u00fcr die Duftlampe, die Sauna oder zum Mischen von K\u00f6rper\u00f6len. Nicht zur Einnahme bestimmt! &#8211; jetzt mit dem Sonnentor Advent-\u00d6l  weihnachtliche Stimmung einatmen!<\/p>\n","protected":false},"excerpt":{"rendered":"<p>Die im Sonnentor Advent-\u00d6l enthaltenen Nelken, Orangen und das hochwertige Vanille-Extrakt ohne k\u00fcnstliche Zus\u00e4tze sorgen f\u00fcr Adventstimmung im Handumdrehen. Zudem ist das \u00e4therische \u00d6l vielf\u00e4ltig einsetzbar: F\u00fcr die Duftlampe, die Sauna oder zum Mischen von K\u00f6rper\u00f6len. Nicht zur Einnahme bestimmt! &#8211; jetzt mit dem Sonnentor Advent-\u00d6l weihnachtliche Stimmung einatmen!<\/p>\n","protected":false},"featured_media":133658,"template":"","meta":{"_acf_changed":false},"product_brand":[925],"product_cat":[791],"product_tag":[],"class_list":{"0":"post-133656","1":"product","2":"type-product","3":"status-publish","4":"has-post-thumbnail","6":"product_brand-sonnentor","7":"product_cat-s","8":"pa_packungsgroesse-10ml","10":"first","11":"instock","12":"shipping-taxable","13":"purchasable","14":"product-type-simple"},"acf":[],"_links":{"self":[{"href":"https:\/\/www.ernstbrunn-apotheke.at\/katalog\/wp-json\/wp\/v2\/product\/133656","targetHints":{"allow":["GET"]}}],"collection":[{"href":"https:\/\/www.ernstbrunn-apotheke.at\/katalog\/wp-json\/wp\/v2\/product"}],"about":[{"href":"https:\/\/www.ernstbrunn-apotheke.at\/katalog\/wp-json\/wp\/v2\/types\/product"}],"wp:featuredmedia":[{"embeddable":true,"href":"https:\/\/www.ernstbrunn-apotheke.at\/katalog\/wp-json\/wp\/v2\/media\/133658"}],"wp:attachment":[{"href":"https:\/\/www.ernstbrunn-apotheke.at\/katalog\/wp-json\/wp\/v2\/media?parent=133656"}],"wp:term":[{"taxonomy":"product_brand","embeddable":true,"href":"https:\/\/www.ernstbrunn-apotheke.at\/katalog\/wp-json\/wp\/v2\/product_brand?post=133656"},{"taxonomy":"product_cat","embeddable":true,"href":"https:\/\/www.ernstbrunn-apotheke.at\/katalog\/wp-json\/wp\/v2\/product_cat?post=133656"},{"taxonomy":"product_tag","embeddable":true,"href":"https:\/\/www.ernstbrunn-apotheke.at\/katalog\/wp-json\/wp\/v2\/product_tag?post=133656"}],"curies":[{"name":"wp","href":"https:\/\/api.w.org\/{rel}","templated":true}]}}