{"id":133636,"date":"2025-11-14T15:21:58","date_gmt":"2025-11-14T14:21:58","guid":{"rendered":"https:\/\/www.ernstbrunn-apotheke.at\/katalog\/produkt\/sonnentor-zimt-ceylon-stangen-18-g-bio\/"},"modified":"2025-12-09T10:19:41","modified_gmt":"2025-12-09T09:19:41","slug":"sonnentor-zimt-ceylon-stangen-18-g-bio","status":"publish","type":"product","link":"https:\/\/www.ernstbrunn-apotheke.at\/katalog\/produkt\/sonnentor-zimt-ceylon-stangen-18-g-bio\/","title":{"rendered":"Sonnentor Zimt Ceylon Stangen 18 g BIO"},"content":{"rendered":"<p>Sonnentor Zimt Ceylon Stangen im 18 g P\u00e4ckchen schmecken etwas milder als der nahe Verwandte des Ceylon, der Cassia-Zimt. Der Geschmack von Zimt ist aus unseren K\u00fcchen nicht wegzudenken, das Gew\u00fcrz passt zu Milchreis, in Kompotte und Kuchen, geh\u00f6rt aber auch in so manche pikante arabische, \u00e4thiopische und indische Gerichte.<\/p>\n","protected":false},"excerpt":{"rendered":"<p>Sonnentor Zimt Ceylon Stangen im 18 g P\u00e4ckchen schmecken etwas milder als der nahe Verwandte des Ceylon, der Cassia-Zimt. Der Geschmack von Zimt ist aus unseren K\u00fcchen nicht wegzudenken, das Gew\u00fcrz passt zu Milchreis, in Kompotte und Kuchen, geh\u00f6rt aber auch in so manche pikante arabische, \u00e4thiopische und indische Gerichte.<\/p>\n","protected":false},"featured_media":133638,"template":"","meta":{"_acf_changed":false},"product_brand":[925],"product_cat":[791],"product_tag":[],"class_list":{"0":"post-133636","1":"product","2":"type-product","3":"status-publish","4":"has-post-thumbnail","6":"product_brand-sonnentor","7":"product_cat-s","8":"pa_packungsgroesse-18g","10":"first","11":"instock","12":"shipping-taxable","13":"purchasable","14":"product-type-simple"},"acf":[],"_links":{"self":[{"href":"https:\/\/www.ernstbrunn-apotheke.at\/katalog\/wp-json\/wp\/v2\/product\/133636","targetHints":{"allow":["GET"]}}],"collection":[{"href":"https:\/\/www.ernstbrunn-apotheke.at\/katalog\/wp-json\/wp\/v2\/product"}],"about":[{"href":"https:\/\/www.ernstbrunn-apotheke.at\/katalog\/wp-json\/wp\/v2\/types\/product"}],"wp:featuredmedia":[{"embeddable":true,"href":"https:\/\/www.ernstbrunn-apotheke.at\/katalog\/wp-json\/wp\/v2\/media\/133638"}],"wp:attachment":[{"href":"https:\/\/www.ernstbrunn-apotheke.at\/katalog\/wp-json\/wp\/v2\/media?parent=133636"}],"wp:term":[{"taxonomy":"product_brand","embeddable":true,"href":"https:\/\/www.ernstbrunn-apotheke.at\/katalog\/wp-json\/wp\/v2\/product_brand?post=133636"},{"taxonomy":"product_cat","embeddable":true,"href":"https:\/\/www.ernstbrunn-apotheke.at\/katalog\/wp-json\/wp\/v2\/product_cat?post=133636"},{"taxonomy":"product_tag","embeddable":true,"href":"https:\/\/www.ernstbrunn-apotheke.at\/katalog\/wp-json\/wp\/v2\/product_tag?post=133636"}],"curies":[{"name":"wp","href":"https:\/\/api.w.org\/{rel}","templated":true}]}}