{"id":133617,"date":"2025-11-14T15:21:30","date_gmt":"2025-11-14T14:21:30","guid":{"rendered":"https:\/\/www.ernstbrunn-apotheke.at\/katalog\/produkt\/sonnentor-wacholderbeeren-35-g-bio\/"},"modified":"2025-12-09T10:19:38","modified_gmt":"2025-12-09T09:19:38","slug":"sonnentor-wacholderbeeren-35-g-bio","status":"publish","type":"product","link":"https:\/\/www.ernstbrunn-apotheke.at\/katalog\/produkt\/sonnentor-wacholderbeeren-35-g-bio\/","title":{"rendered":"Sonnentor Wacholderbeeren 35 g BIO"},"content":{"rendered":"<p>Die Sonnentor Wacholderbeeren in der 35 g Packung besitzen einen einzigartigen, s\u00fc\u00dflich-holzigen Geschmack mit einem Hauch von Fichtennadeln, der gut in fettreiche Fleisch- und Wildgerichte, Sauerkraut und Rotweinmarinaden passt. Wacholderbeeren k\u00f6nnen aber auch gut in S\u00fc\u00dfspeisen und Obstgelees verwendet werden..<\/p>\n","protected":false},"excerpt":{"rendered":"<p>Die Sonnentor Wacholderbeeren in der 35 g Packung besitzen einen einzigartigen, s\u00fc\u00dflich-holzigen Geschmack mit einem Hauch von Fichtennadeln, der gut in fettreiche Fleisch- und Wildgerichte, Sauerkraut und Rotweinmarinaden passt. Wacholderbeeren k\u00f6nnen aber auch gut in S\u00fc\u00dfspeisen und Obstgelees verwendet werden..<\/p>\n","protected":false},"featured_media":133619,"template":"","meta":{"_acf_changed":false},"product_brand":[925],"product_cat":[791],"product_tag":[],"class_list":{"0":"post-133617","1":"product","2":"type-product","3":"status-publish","4":"has-post-thumbnail","6":"product_brand-sonnentor","7":"product_cat-s","8":"pa_packungsgroesse-35g","10":"first","11":"instock","12":"shipping-taxable","13":"purchasable","14":"product-type-simple"},"acf":[],"_links":{"self":[{"href":"https:\/\/www.ernstbrunn-apotheke.at\/katalog\/wp-json\/wp\/v2\/product\/133617","targetHints":{"allow":["GET"]}}],"collection":[{"href":"https:\/\/www.ernstbrunn-apotheke.at\/katalog\/wp-json\/wp\/v2\/product"}],"about":[{"href":"https:\/\/www.ernstbrunn-apotheke.at\/katalog\/wp-json\/wp\/v2\/types\/product"}],"wp:featuredmedia":[{"embeddable":true,"href":"https:\/\/www.ernstbrunn-apotheke.at\/katalog\/wp-json\/wp\/v2\/media\/133619"}],"wp:attachment":[{"href":"https:\/\/www.ernstbrunn-apotheke.at\/katalog\/wp-json\/wp\/v2\/media?parent=133617"}],"wp:term":[{"taxonomy":"product_brand","embeddable":true,"href":"https:\/\/www.ernstbrunn-apotheke.at\/katalog\/wp-json\/wp\/v2\/product_brand?post=133617"},{"taxonomy":"product_cat","embeddable":true,"href":"https:\/\/www.ernstbrunn-apotheke.at\/katalog\/wp-json\/wp\/v2\/product_cat?post=133617"},{"taxonomy":"product_tag","embeddable":true,"href":"https:\/\/www.ernstbrunn-apotheke.at\/katalog\/wp-json\/wp\/v2\/product_tag?post=133617"}],"curies":[{"name":"wp","href":"https:\/\/api.w.org\/{rel}","templated":true}]}}