{"id":133597,"date":"2025-11-14T15:20:42","date_gmt":"2025-11-14T14:20:42","guid":{"rendered":"https:\/\/www.ernstbrunn-apotheke.at\/katalog\/produkt\/sonnentor-vanille-pulver-10g-bio\/"},"modified":"2025-12-09T10:19:38","modified_gmt":"2025-12-09T09:19:38","slug":"sonnentor-vanille-pulver-10g-bio","status":"publish","type":"product","link":"https:\/\/www.ernstbrunn-apotheke.at\/katalog\/produkt\/sonnentor-vanille-pulver-10g-bio\/","title":{"rendered":"Sonnentor Vanille Pulver 10g BIO"},"content":{"rendered":"<p>Das Sonnentor Vanille Pulver im 10 g P\u00e4ckchen wird durch Fermentierung der Fruchtkapseln der Vanilleorchidee gewonnen. Sie \u00fcberzeugt mit einem sahnig-s\u00fc\u00dfen Aroma, das sich in einer leicht blumigen Parfumnote entfaltet. Sie harmoniert besonders gut mit Milchreis und Co &#8211; aber seien Sie mutig: W\u00fcrzen Sie salzige und scharfe Gerichte damit. Huhn, mexikanische Bohnengerichte, Currys und Jakobsmuscheln profitieren sehr von ihrem Aroma..<\/p>\n","protected":false},"excerpt":{"rendered":"<p>Das Sonnentor Vanille Pulver im 10 g P\u00e4ckchen wird durch Fermentierung der Fruchtkapseln der Vanilleorchidee gewonnen. Sie \u00fcberzeugt mit einem sahnig-s\u00fc\u00dfen Aroma, das sich in einer leicht blumigen Parfumnote entfaltet. Sie harmoniert besonders gut mit Milchreis und Co &#8211; aber seien Sie mutig: W\u00fcrzen Sie salzige und scharfe Gerichte damit. Huhn, mexikanische Bohnengerichte, Currys und [&hellip;]<\/p>\n","protected":false},"featured_media":133599,"template":"","meta":{"_acf_changed":false},"product_brand":[925],"product_cat":[791],"product_tag":[],"class_list":{"0":"post-133597","1":"product","2":"type-product","3":"status-publish","4":"has-post-thumbnail","6":"product_brand-sonnentor","7":"product_cat-s","8":"pa_packungsgroesse-10g","10":"first","11":"instock","12":"shipping-taxable","13":"purchasable","14":"product-type-simple"},"acf":[],"_links":{"self":[{"href":"https:\/\/www.ernstbrunn-apotheke.at\/katalog\/wp-json\/wp\/v2\/product\/133597","targetHints":{"allow":["GET"]}}],"collection":[{"href":"https:\/\/www.ernstbrunn-apotheke.at\/katalog\/wp-json\/wp\/v2\/product"}],"about":[{"href":"https:\/\/www.ernstbrunn-apotheke.at\/katalog\/wp-json\/wp\/v2\/types\/product"}],"wp:featuredmedia":[{"embeddable":true,"href":"https:\/\/www.ernstbrunn-apotheke.at\/katalog\/wp-json\/wp\/v2\/media\/133599"}],"wp:attachment":[{"href":"https:\/\/www.ernstbrunn-apotheke.at\/katalog\/wp-json\/wp\/v2\/media?parent=133597"}],"wp:term":[{"taxonomy":"product_brand","embeddable":true,"href":"https:\/\/www.ernstbrunn-apotheke.at\/katalog\/wp-json\/wp\/v2\/product_brand?post=133597"},{"taxonomy":"product_cat","embeddable":true,"href":"https:\/\/www.ernstbrunn-apotheke.at\/katalog\/wp-json\/wp\/v2\/product_cat?post=133597"},{"taxonomy":"product_tag","embeddable":true,"href":"https:\/\/www.ernstbrunn-apotheke.at\/katalog\/wp-json\/wp\/v2\/product_tag?post=133597"}],"curies":[{"name":"wp","href":"https:\/\/api.w.org\/{rel}","templated":true}]}}