{"id":133568,"date":"2025-11-14T15:20:11","date_gmt":"2025-11-14T14:20:11","guid":{"rendered":"https:\/\/www.ernstbrunn-apotheke.at\/katalog\/produkt\/sonnentor-wieder-gut-frei-von-der-leber-weg-kraeutertee-18-btl-bio\/"},"modified":"2025-12-09T10:19:34","modified_gmt":"2025-12-09T09:19:34","slug":"sonnentor-wieder-gut-frei-von-der-leber-weg-kraeutertee-18-btl-bio","status":"publish","type":"product","link":"https:\/\/www.ernstbrunn-apotheke.at\/katalog\/produkt\/sonnentor-wieder-gut-frei-von-der-leber-weg-kraeutertee-18-btl-bio\/","title":{"rendered":"Sonnentor Wieder gut! Frei von der Leber weg Kr\u00e4utertee 18 Btl. BIO"},"content":{"rendered":"<p>Der Sonnentor Wieder gut! Frei von der Leber weg Kr\u00e4utertee in Beutelform (18 Stk.) verhilft Ihrer Leber mit intensivem L\u00f6wenzahn, Fenchel und Lemongras zu ein wenig Freiheit. Tun Sie Ihrer Leber etwas Gutes, denn sie entgiftet und reinigt den K\u00f6rper \u2013 Tag f\u00fcr Tag, ohne Urlaub und ohne Feiertage.<\/p>\n","protected":false},"excerpt":{"rendered":"<p>Der Sonnentor Wieder gut! Frei von der Leber weg Kr\u00e4utertee in Beutelform (18 Stk.) verhilft Ihrer Leber mit intensivem L\u00f6wenzahn, Fenchel und Lemongras zu ein wenig Freiheit. Tun Sie Ihrer Leber etwas Gutes, denn sie entgiftet und reinigt den K\u00f6rper \u2013 Tag f\u00fcr Tag, ohne Urlaub und ohne Feiertage.<\/p>\n","protected":false},"featured_media":133570,"template":"","meta":{"_acf_changed":false},"product_brand":[925],"product_cat":[791],"product_tag":[],"class_list":{"0":"post-133568","1":"product","2":"type-product","3":"status-publish","4":"has-post-thumbnail","6":"product_brand-sonnentor","7":"product_cat-s","8":"pa_packungsgroesse-18-beutel","10":"first","11":"instock","12":"shipping-taxable","13":"purchasable","14":"product-type-simple"},"acf":[],"_links":{"self":[{"href":"https:\/\/www.ernstbrunn-apotheke.at\/katalog\/wp-json\/wp\/v2\/product\/133568","targetHints":{"allow":["GET"]}}],"collection":[{"href":"https:\/\/www.ernstbrunn-apotheke.at\/katalog\/wp-json\/wp\/v2\/product"}],"about":[{"href":"https:\/\/www.ernstbrunn-apotheke.at\/katalog\/wp-json\/wp\/v2\/types\/product"}],"wp:featuredmedia":[{"embeddable":true,"href":"https:\/\/www.ernstbrunn-apotheke.at\/katalog\/wp-json\/wp\/v2\/media\/133570"}],"wp:attachment":[{"href":"https:\/\/www.ernstbrunn-apotheke.at\/katalog\/wp-json\/wp\/v2\/media?parent=133568"}],"wp:term":[{"taxonomy":"product_brand","embeddable":true,"href":"https:\/\/www.ernstbrunn-apotheke.at\/katalog\/wp-json\/wp\/v2\/product_brand?post=133568"},{"taxonomy":"product_cat","embeddable":true,"href":"https:\/\/www.ernstbrunn-apotheke.at\/katalog\/wp-json\/wp\/v2\/product_cat?post=133568"},{"taxonomy":"product_tag","embeddable":true,"href":"https:\/\/www.ernstbrunn-apotheke.at\/katalog\/wp-json\/wp\/v2\/product_tag?post=133568"}],"curies":[{"name":"wp","href":"https:\/\/api.w.org\/{rel}","templated":true}]}}