{"id":133543,"date":"2025-11-14T15:19:02","date_gmt":"2025-11-14T14:19:02","guid":{"rendered":"https:\/\/www.ernstbrunn-apotheke.at\/katalog\/produkt\/sonnentor-druidentrank-kraeutertee-lose-50g-bio\/"},"modified":"2025-12-09T10:19:31","modified_gmt":"2025-12-09T09:19:31","slug":"sonnentor-druidentrank-kraeutertee-lose-50g-bio","status":"publish","type":"product","link":"https:\/\/www.ernstbrunn-apotheke.at\/katalog\/produkt\/sonnentor-druidentrank-kraeutertee-lose-50g-bio\/","title":{"rendered":"Sonnentor Druidentrank Kr\u00e4utertee lose 50g BIO"},"content":{"rendered":"<p>Der Sonnentor Druidentrank Kr\u00e4utertee in loser Form (50 g) kommt ganz ohne mystische Zutaten aus und bereichert Ihre Teetasse mit einem leichten Zitrusduft. Seinen w\u00fcrzig-minzigen Geschmack erh\u00e4lt der Sonnentor Druidentrank durch Apfelminze, Haselnussbl\u00e4ttern, Beifu\u00df, Pfefferminze und Goldmelisse..<\/p>\n","protected":false},"excerpt":{"rendered":"<p>Der Sonnentor Druidentrank Kr\u00e4utertee in loser Form (50 g) kommt ganz ohne mystische Zutaten aus und bereichert Ihre Teetasse mit einem leichten Zitrusduft. Seinen w\u00fcrzig-minzigen Geschmack erh\u00e4lt der Sonnentor Druidentrank durch Apfelminze, Haselnussbl\u00e4ttern, Beifu\u00df, Pfefferminze und Goldmelisse..<\/p>\n","protected":false},"featured_media":133545,"template":"","meta":{"_acf_changed":false},"product_brand":[925],"product_cat":[791],"product_tag":[],"class_list":{"0":"post-133543","1":"product","2":"type-product","3":"status-publish","4":"has-post-thumbnail","6":"product_brand-sonnentor","7":"product_cat-s","8":"pa_packungsgroesse-50g","10":"first","11":"instock","12":"shipping-taxable","13":"purchasable","14":"product-type-simple"},"acf":[],"_links":{"self":[{"href":"https:\/\/www.ernstbrunn-apotheke.at\/katalog\/wp-json\/wp\/v2\/product\/133543","targetHints":{"allow":["GET"]}}],"collection":[{"href":"https:\/\/www.ernstbrunn-apotheke.at\/katalog\/wp-json\/wp\/v2\/product"}],"about":[{"href":"https:\/\/www.ernstbrunn-apotheke.at\/katalog\/wp-json\/wp\/v2\/types\/product"}],"wp:featuredmedia":[{"embeddable":true,"href":"https:\/\/www.ernstbrunn-apotheke.at\/katalog\/wp-json\/wp\/v2\/media\/133545"}],"wp:attachment":[{"href":"https:\/\/www.ernstbrunn-apotheke.at\/katalog\/wp-json\/wp\/v2\/media?parent=133543"}],"wp:term":[{"taxonomy":"product_brand","embeddable":true,"href":"https:\/\/www.ernstbrunn-apotheke.at\/katalog\/wp-json\/wp\/v2\/product_brand?post=133543"},{"taxonomy":"product_cat","embeddable":true,"href":"https:\/\/www.ernstbrunn-apotheke.at\/katalog\/wp-json\/wp\/v2\/product_cat?post=133543"},{"taxonomy":"product_tag","embeddable":true,"href":"https:\/\/www.ernstbrunn-apotheke.at\/katalog\/wp-json\/wp\/v2\/product_tag?post=133543"}],"curies":[{"name":"wp","href":"https:\/\/api.w.org\/{rel}","templated":true}]}}