{"id":133530,"date":"2025-11-14T15:18:48","date_gmt":"2025-11-14T14:18:48","guid":{"rendered":"https:\/\/www.ernstbrunn-apotheke.at\/katalog\/produkt\/sonnentor-kamille-tee-50g-bio\/"},"modified":"2025-12-09T10:19:30","modified_gmt":"2025-12-09T09:19:30","slug":"sonnentor-kamille-tee-50g-bio","status":"publish","type":"product","link":"https:\/\/www.ernstbrunn-apotheke.at\/katalog\/produkt\/sonnentor-kamille-tee-50g-bio\/","title":{"rendered":"Sonnentor Kamille Tee 50g BIO"},"content":{"rendered":"<p>Der Sonnentor Kamille Tee in loser Form (50 g) darf vor allem in der Erk\u00e4ltungszeit in keiner Teelade fehlen. Als altbew\u00e4hrtes Hausmittel gegen allerlei Beschwerden und Wehwehchen schmeckt der Aufguss aus hochwertigen Kamillenbl\u00fcten w\u00fcrzig-aromatisch und auch der \u00e4therische Duft der Kamille ist wahrlich eine Tasse wert.<\/p>\n","protected":false},"excerpt":{"rendered":"<p>Der Sonnentor Kamille Tee in loser Form (50 g) darf vor allem in der Erk\u00e4ltungszeit in keiner Teelade fehlen. Als altbew\u00e4hrtes Hausmittel gegen allerlei Beschwerden und Wehwehchen schmeckt der Aufguss aus hochwertigen Kamillenbl\u00fcten w\u00fcrzig-aromatisch und auch der \u00e4therische Duft der Kamille ist wahrlich eine Tasse wert.<\/p>\n","protected":false},"featured_media":133532,"template":"","meta":{"_acf_changed":false},"product_brand":[925],"product_cat":[791],"product_tag":[],"class_list":{"0":"post-133530","1":"product","2":"type-product","3":"status-publish","4":"has-post-thumbnail","6":"product_brand-sonnentor","7":"product_cat-s","8":"pa_packungsgroesse-50g","10":"first","11":"instock","12":"shipping-taxable","13":"purchasable","14":"product-type-simple"},"acf":[],"_links":{"self":[{"href":"https:\/\/www.ernstbrunn-apotheke.at\/katalog\/wp-json\/wp\/v2\/product\/133530","targetHints":{"allow":["GET"]}}],"collection":[{"href":"https:\/\/www.ernstbrunn-apotheke.at\/katalog\/wp-json\/wp\/v2\/product"}],"about":[{"href":"https:\/\/www.ernstbrunn-apotheke.at\/katalog\/wp-json\/wp\/v2\/types\/product"}],"wp:featuredmedia":[{"embeddable":true,"href":"https:\/\/www.ernstbrunn-apotheke.at\/katalog\/wp-json\/wp\/v2\/media\/133532"}],"wp:attachment":[{"href":"https:\/\/www.ernstbrunn-apotheke.at\/katalog\/wp-json\/wp\/v2\/media?parent=133530"}],"wp:term":[{"taxonomy":"product_brand","embeddable":true,"href":"https:\/\/www.ernstbrunn-apotheke.at\/katalog\/wp-json\/wp\/v2\/product_brand?post=133530"},{"taxonomy":"product_cat","embeddable":true,"href":"https:\/\/www.ernstbrunn-apotheke.at\/katalog\/wp-json\/wp\/v2\/product_cat?post=133530"},{"taxonomy":"product_tag","embeddable":true,"href":"https:\/\/www.ernstbrunn-apotheke.at\/katalog\/wp-json\/wp\/v2\/product_tag?post=133530"}],"curies":[{"name":"wp","href":"https:\/\/api.w.org\/{rel}","templated":true}]}}