{"id":133480,"date":"2025-11-14T15:01:40","date_gmt":"2025-11-14T14:01:40","guid":{"rendered":"https:\/\/www.ernstbrunn-apotheke.at\/katalog\/produkt\/sonnentor-hellwach-gewuerztee-bio-mit-mate-18-btl\/"},"modified":"2025-12-09T10:19:26","modified_gmt":"2025-12-09T09:19:26","slug":"sonnentor-hellwach-gewuerztee-bio-mit-mate-18-btl","status":"publish","type":"product","link":"https:\/\/www.ernstbrunn-apotheke.at\/katalog\/produkt\/sonnentor-hellwach-gewuerztee-bio-mit-mate-18-btl\/","title":{"rendered":"Sonnentor Hellwach Gew\u00fcrztee bio mit Mate 18 Btl."},"content":{"rendered":"<p>Augen auf! Mit unserem Tee \u201eHellwach\u201c f\u00e4llt das ganz leicht, denn Mate, Kurkuma und rosa Pfeffer sorgen f\u00fcr scharfe Sinne. Deftige Gerichte profitieren enorm vom Aroma des Tees, K\u00e4se und ein herzhaftes Fr\u00fchst\u00fcck ebenso. Achtsam durch den Tag gehen ist so ganz einfach!<\/p>\n","protected":false},"excerpt":{"rendered":"<p>Augen auf! Mit unserem Tee \u201eHellwach\u201c f\u00e4llt das ganz leicht, denn Mate, Kurkuma und rosa Pfeffer sorgen f\u00fcr scharfe Sinne. Deftige Gerichte profitieren enorm vom Aroma des Tees, K\u00e4se und ein herzhaftes Fr\u00fchst\u00fcck ebenso. Achtsam durch den Tag gehen ist so ganz einfach!<\/p>\n","protected":false},"featured_media":133482,"template":"","meta":{"_acf_changed":false},"product_brand":[925],"product_cat":[791],"product_tag":[],"class_list":{"0":"post-133480","1":"product","2":"type-product","3":"status-publish","4":"has-post-thumbnail","6":"product_brand-sonnentor","7":"product_cat-s","8":"pa_packungsgroesse-18-beutel","10":"first","11":"instock","12":"shipping-taxable","13":"purchasable","14":"product-type-simple"},"acf":[],"_links":{"self":[{"href":"https:\/\/www.ernstbrunn-apotheke.at\/katalog\/wp-json\/wp\/v2\/product\/133480","targetHints":{"allow":["GET"]}}],"collection":[{"href":"https:\/\/www.ernstbrunn-apotheke.at\/katalog\/wp-json\/wp\/v2\/product"}],"about":[{"href":"https:\/\/www.ernstbrunn-apotheke.at\/katalog\/wp-json\/wp\/v2\/types\/product"}],"wp:featuredmedia":[{"embeddable":true,"href":"https:\/\/www.ernstbrunn-apotheke.at\/katalog\/wp-json\/wp\/v2\/media\/133482"}],"wp:attachment":[{"href":"https:\/\/www.ernstbrunn-apotheke.at\/katalog\/wp-json\/wp\/v2\/media?parent=133480"}],"wp:term":[{"taxonomy":"product_brand","embeddable":true,"href":"https:\/\/www.ernstbrunn-apotheke.at\/katalog\/wp-json\/wp\/v2\/product_brand?post=133480"},{"taxonomy":"product_cat","embeddable":true,"href":"https:\/\/www.ernstbrunn-apotheke.at\/katalog\/wp-json\/wp\/v2\/product_cat?post=133480"},{"taxonomy":"product_tag","embeddable":true,"href":"https:\/\/www.ernstbrunn-apotheke.at\/katalog\/wp-json\/wp\/v2\/product_tag?post=133480"}],"curies":[{"name":"wp","href":"https:\/\/api.w.org\/{rel}","templated":true}]}}