{"id":133470,"date":"2025-11-14T15:01:40","date_gmt":"2025-11-14T14:01:40","guid":{"rendered":"https:\/\/www.ernstbrunn-apotheke.at\/katalog\/produkt\/sonnentor-heavy-metal-kraeutertee-bio-18-btl\/"},"modified":"2025-12-09T10:19:26","modified_gmt":"2025-12-09T09:19:26","slug":"sonnentor-heavy-metal-kraeutertee-bio-18-btl","status":"publish","type":"product","link":"https:\/\/www.ernstbrunn-apotheke.at\/katalog\/produkt\/sonnentor-heavy-metal-kraeutertee-bio-18-btl\/","title":{"rendered":"Sonnentor Heavy Metal Kr\u00e4utertee bio 18 Btl."},"content":{"rendered":"<p>Das Leben ist doch ein Wunschkonzert! Mit Schwarzk\u00fcmmel, Rooibos und schwarzer Stockrose zeigt dir der Tee, wie au\u00dfergew\u00f6hnlich der Alltag sein kann. Die Mischung schmeckt nach Nervenkitzel, passt hervorragend zu Braten, K\u00e4se und deftigen Aufstrichen. Bringt dich unter Garantie zum Tanzen!<\/p>\n","protected":false},"excerpt":{"rendered":"<p>Das Leben ist doch ein Wunschkonzert! Mit Schwarzk\u00fcmmel, Rooibos und schwarzer Stockrose zeigt dir der Tee, wie au\u00dfergew\u00f6hnlich der Alltag sein kann. Die Mischung schmeckt nach Nervenkitzel, passt hervorragend zu Braten, K\u00e4se und deftigen Aufstrichen. Bringt dich unter Garantie zum Tanzen!<\/p>\n","protected":false},"featured_media":133472,"template":"","meta":{"_acf_changed":false},"product_brand":[925],"product_cat":[791],"product_tag":[],"class_list":{"0":"post-133470","1":"product","2":"type-product","3":"status-publish","4":"has-post-thumbnail","6":"product_brand-sonnentor","7":"product_cat-s","8":"pa_packungsgroesse-18-beutel","10":"first","11":"instock","12":"shipping-taxable","13":"purchasable","14":"product-type-simple"},"acf":[],"_links":{"self":[{"href":"https:\/\/www.ernstbrunn-apotheke.at\/katalog\/wp-json\/wp\/v2\/product\/133470","targetHints":{"allow":["GET"]}}],"collection":[{"href":"https:\/\/www.ernstbrunn-apotheke.at\/katalog\/wp-json\/wp\/v2\/product"}],"about":[{"href":"https:\/\/www.ernstbrunn-apotheke.at\/katalog\/wp-json\/wp\/v2\/types\/product"}],"wp:featuredmedia":[{"embeddable":true,"href":"https:\/\/www.ernstbrunn-apotheke.at\/katalog\/wp-json\/wp\/v2\/media\/133472"}],"wp:attachment":[{"href":"https:\/\/www.ernstbrunn-apotheke.at\/katalog\/wp-json\/wp\/v2\/media?parent=133470"}],"wp:term":[{"taxonomy":"product_brand","embeddable":true,"href":"https:\/\/www.ernstbrunn-apotheke.at\/katalog\/wp-json\/wp\/v2\/product_brand?post=133470"},{"taxonomy":"product_cat","embeddable":true,"href":"https:\/\/www.ernstbrunn-apotheke.at\/katalog\/wp-json\/wp\/v2\/product_cat?post=133470"},{"taxonomy":"product_tag","embeddable":true,"href":"https:\/\/www.ernstbrunn-apotheke.at\/katalog\/wp-json\/wp\/v2\/product_tag?post=133470"}],"curies":[{"name":"wp","href":"https:\/\/api.w.org\/{rel}","templated":true}]}}