{"id":133460,"date":"2025-11-14T15:01:40","date_gmt":"2025-11-14T14:01:40","guid":{"rendered":"https:\/\/www.ernstbrunn-apotheke.at\/katalog\/produkt\/sonnentor-freunde-feiern-gewuerztee-bio-18-btl\/"},"modified":"2025-12-09T10:19:25","modified_gmt":"2025-12-09T09:19:25","slug":"sonnentor-freunde-feiern-gewuerztee-bio-18-btl","status":"publish","type":"product","link":"https:\/\/www.ernstbrunn-apotheke.at\/katalog\/produkt\/sonnentor-freunde-feiern-gewuerztee-bio-18-btl\/","title":{"rendered":"Sonnentor Freunde feiern Gew\u00fcrztee bio 18 Btl."},"content":{"rendered":"<p>F\u00fcr gro\u00dfe Erinnerungen! Mit Tulsi Basilikum und Aronia ist dieser Tee genau das Richtige f\u00fcr ganz besondere Menschen. S\u00fc\u00dfes Brombeerblatt rundet die Mischung ab. Sie passt ganz hervorragend zu deftigen Jausen, Kuchen und Fruchtdesserts und fl\u00fcstert dir ganz leise ins Ohr: Sch\u00f6n, dass du da bist!<\/p>\n","protected":false},"excerpt":{"rendered":"<p>F\u00fcr gro\u00dfe Erinnerungen! Mit Tulsi Basilikum und Aronia ist dieser Tee genau das Richtige f\u00fcr ganz besondere Menschen. S\u00fc\u00dfes Brombeerblatt rundet die Mischung ab. Sie passt ganz hervorragend zu deftigen Jausen, Kuchen und Fruchtdesserts und fl\u00fcstert dir ganz leise ins Ohr: Sch\u00f6n, dass du da bist!<\/p>\n","protected":false},"featured_media":133462,"template":"","meta":{"_acf_changed":false},"product_brand":[925],"product_cat":[791],"product_tag":[],"class_list":{"0":"post-133460","1":"product","2":"type-product","3":"status-publish","4":"has-post-thumbnail","6":"product_brand-sonnentor","7":"product_cat-s","8":"pa_packungsgroesse-18-beutel","10":"first","11":"instock","12":"shipping-taxable","13":"purchasable","14":"product-type-simple"},"acf":[],"_links":{"self":[{"href":"https:\/\/www.ernstbrunn-apotheke.at\/katalog\/wp-json\/wp\/v2\/product\/133460","targetHints":{"allow":["GET"]}}],"collection":[{"href":"https:\/\/www.ernstbrunn-apotheke.at\/katalog\/wp-json\/wp\/v2\/product"}],"about":[{"href":"https:\/\/www.ernstbrunn-apotheke.at\/katalog\/wp-json\/wp\/v2\/types\/product"}],"wp:featuredmedia":[{"embeddable":true,"href":"https:\/\/www.ernstbrunn-apotheke.at\/katalog\/wp-json\/wp\/v2\/media\/133462"}],"wp:attachment":[{"href":"https:\/\/www.ernstbrunn-apotheke.at\/katalog\/wp-json\/wp\/v2\/media?parent=133460"}],"wp:term":[{"taxonomy":"product_brand","embeddable":true,"href":"https:\/\/www.ernstbrunn-apotheke.at\/katalog\/wp-json\/wp\/v2\/product_brand?post=133460"},{"taxonomy":"product_cat","embeddable":true,"href":"https:\/\/www.ernstbrunn-apotheke.at\/katalog\/wp-json\/wp\/v2\/product_cat?post=133460"},{"taxonomy":"product_tag","embeddable":true,"href":"https:\/\/www.ernstbrunn-apotheke.at\/katalog\/wp-json\/wp\/v2\/product_tag?post=133460"}],"curies":[{"name":"wp","href":"https:\/\/api.w.org\/{rel}","templated":true}]}}