{"id":13345,"date":"2025-11-07T15:05:49","date_gmt":"2025-11-07T14:05:49","guid":{"rendered":"https:\/\/www.ernstbrunn-apotheke.at\/katalog\/produkt\/apocare-energie-muskelwohl-tabletten-60-stk\/"},"modified":"2025-12-08T13:35:17","modified_gmt":"2025-12-08T12:35:17","slug":"apocare-energie-muskelwohl-tabletten-60-stk","status":"publish","type":"product","link":"https:\/\/www.ernstbrunn-apotheke.at\/katalog\/produkt\/apocare-energie-muskelwohl-tabletten-60-stk\/","title":{"rendered":"Apocare  Energie &#038; MuskelWohl Tabletten 60 Stk."},"content":{"rendered":"<p>MuskelWohl enth\u00e4lt\u00a0Magnesium, Taurin, Vitamin D3 und Coenzym Q10 und tr\u00e4gt zur Erhaltung einer normaler Muskelfunktion, zum Elektrolygleichgewicht und zu einem normalen Energiestoffwechsel bei und hilft, Erm\u00fcdung und M\u00fcdigkeit zu reduzieren. Taurin gilt dar\u00fcberhinaus als Antioxidans und bindet freie Radikale.<\/p>\n<p>&#13;<\/p>\n<p>MuskelWohl ist daher ideal z.B. nach Anstrengung beim Sport, in der Arbeit oder generell bei Erm\u00fcdung.<\/p>\n<p>&#13;<\/p>\n<p>\u00a0<\/p>\n<p>&#13;<\/p>\n<p><strong>Wirkung<\/strong><\/p>\n<p>&#13;<\/p>\n<p>Magnesium ist eines der am h\u00e4ufigsten im K\u00f6rper vorkommenden Mineralstoffe, unterst\u00fctzt den Energiestoffwechsel in der Zelle und ist f\u00fcr zahlreiche Stoffwechselvorg\u00e4nge im K\u00f6rper verantwortlich.\u00a0Es dient auch\u00a0der Aufrechterhaltung des\u00a0Elektrolyt-Gleichgewichtes\u00a0und ist wichtig f\u00fcr eine gute Funktion der K\u00f6rperzellen.\u00a0<\/p>\n<p>Eine ausreichende Zufuhr an Magnesium ist f\u00fcr den menschlichen Organismus somit wichtig und unterst\u00fctzt das Wohlbefinden.<\/p>\n","protected":false},"excerpt":{"rendered":"<p>MuskelWohl enth\u00e4lt\u00a0Magnesium, Taurin, Vitamin D3 und Coenzym Q10 und tr\u00e4gt zur Erhaltung einer normaler Muskelfunktion, zum Elektrolygleichgewicht und zu einem normalen Energiestoffwechsel bei und hilft, Erm\u00fcdung und M\u00fcdigkeit zu reduzieren. Taurin gilt dar\u00fcberhinaus als Antioxidans und bindet freie Radikale. &#13; MuskelWohl ist daher ideal z.B. nach Anstrengung beim Sport, in der Arbeit oder generell bei [&hellip;]<\/p>\n","protected":false},"featured_media":13347,"template":"","meta":{"_acf_changed":false},"product_brand":[],"product_cat":[801],"product_tag":[],"class_list":{"0":"post-13345","1":"product","2":"type-product","3":"status-publish","4":"has-post-thumbnail","6":"product_cat-a","7":"pa_packungsgroesse-60-stueck","9":"first","10":"instock","11":"shipping-taxable","12":"purchasable","13":"product-type-simple"},"acf":[],"_links":{"self":[{"href":"https:\/\/www.ernstbrunn-apotheke.at\/katalog\/wp-json\/wp\/v2\/product\/13345","targetHints":{"allow":["GET"]}}],"collection":[{"href":"https:\/\/www.ernstbrunn-apotheke.at\/katalog\/wp-json\/wp\/v2\/product"}],"about":[{"href":"https:\/\/www.ernstbrunn-apotheke.at\/katalog\/wp-json\/wp\/v2\/types\/product"}],"wp:featuredmedia":[{"embeddable":true,"href":"https:\/\/www.ernstbrunn-apotheke.at\/katalog\/wp-json\/wp\/v2\/media\/13347"}],"wp:attachment":[{"href":"https:\/\/www.ernstbrunn-apotheke.at\/katalog\/wp-json\/wp\/v2\/media?parent=13345"}],"wp:term":[{"taxonomy":"product_brand","embeddable":true,"href":"https:\/\/www.ernstbrunn-apotheke.at\/katalog\/wp-json\/wp\/v2\/product_brand?post=13345"},{"taxonomy":"product_cat","embeddable":true,"href":"https:\/\/www.ernstbrunn-apotheke.at\/katalog\/wp-json\/wp\/v2\/product_cat?post=13345"},{"taxonomy":"product_tag","embeddable":true,"href":"https:\/\/www.ernstbrunn-apotheke.at\/katalog\/wp-json\/wp\/v2\/product_tag?post=13345"}],"curies":[{"name":"wp","href":"https:\/\/api.w.org\/{rel}","templated":true}]}}