{"id":133358,"date":"2025-11-14T14:58:54","date_gmt":"2025-11-14T13:58:54","guid":{"rendered":"https:\/\/www.ernstbrunn-apotheke.at\/katalog\/produkt\/sonnentor-smokey-salt-schwaebisches-rauchsalz-150-g\/"},"modified":"2025-12-09T10:19:16","modified_gmt":"2025-12-09T09:19:16","slug":"sonnentor-smokey-salt-schwaebisches-rauchsalz-150-g","status":"publish","type":"product","link":"https:\/\/www.ernstbrunn-apotheke.at\/katalog\/produkt\/sonnentor-smokey-salt-schwaebisches-rauchsalz-150-g\/","title":{"rendered":"Sonnentor Smokey Salt (Schw\u00e4bisches Rauchsalz) 150 g"},"content":{"rendered":"<p>Das Sonnentor Smokey Salt (Schw\u00e4bisches Rauchsalz) in der 150 g Packung begeistert R\u00e4ucherfans mit seinem angenehm rauchigen Duft und passt hervorragend zu Fisch, Linsen und Gegrilltem. Das beige, leicht goldene Salz wird in einer kleinen R\u00e4ucherei auf der Schw\u00e4bischen Alb mit feinstem Buchenrauch ger\u00e4uchert und von Hand abgepackt.<\/p>\n","protected":false},"excerpt":{"rendered":"<p>Das Sonnentor Smokey Salt (Schw\u00e4bisches Rauchsalz) in der 150 g Packung begeistert R\u00e4ucherfans mit seinem angenehm rauchigen Duft und passt hervorragend zu Fisch, Linsen und Gegrilltem. Das beige, leicht goldene Salz wird in einer kleinen R\u00e4ucherei auf der Schw\u00e4bischen Alb mit feinstem Buchenrauch ger\u00e4uchert und von Hand abgepackt.<\/p>\n","protected":false},"featured_media":133360,"template":"","meta":{"_acf_changed":false},"product_brand":[925],"product_cat":[791],"product_tag":[],"class_list":{"0":"post-133358","1":"product","2":"type-product","3":"status-publish","4":"has-post-thumbnail","6":"product_brand-sonnentor","7":"product_cat-s","8":"pa_packungsgroesse-150g","10":"first","11":"instock","12":"shipping-taxable","13":"purchasable","14":"product-type-simple"},"acf":[],"_links":{"self":[{"href":"https:\/\/www.ernstbrunn-apotheke.at\/katalog\/wp-json\/wp\/v2\/product\/133358","targetHints":{"allow":["GET"]}}],"collection":[{"href":"https:\/\/www.ernstbrunn-apotheke.at\/katalog\/wp-json\/wp\/v2\/product"}],"about":[{"href":"https:\/\/www.ernstbrunn-apotheke.at\/katalog\/wp-json\/wp\/v2\/types\/product"}],"wp:featuredmedia":[{"embeddable":true,"href":"https:\/\/www.ernstbrunn-apotheke.at\/katalog\/wp-json\/wp\/v2\/media\/133360"}],"wp:attachment":[{"href":"https:\/\/www.ernstbrunn-apotheke.at\/katalog\/wp-json\/wp\/v2\/media?parent=133358"}],"wp:term":[{"taxonomy":"product_brand","embeddable":true,"href":"https:\/\/www.ernstbrunn-apotheke.at\/katalog\/wp-json\/wp\/v2\/product_brand?post=133358"},{"taxonomy":"product_cat","embeddable":true,"href":"https:\/\/www.ernstbrunn-apotheke.at\/katalog\/wp-json\/wp\/v2\/product_cat?post=133358"},{"taxonomy":"product_tag","embeddable":true,"href":"https:\/\/www.ernstbrunn-apotheke.at\/katalog\/wp-json\/wp\/v2\/product_tag?post=133358"}],"curies":[{"name":"wp","href":"https:\/\/api.w.org\/{rel}","templated":true}]}}