{"id":133354,"date":"2025-11-14T14:58:54","date_gmt":"2025-11-14T13:58:54","guid":{"rendered":"https:\/\/www.ernstbrunn-apotheke.at\/katalog\/produkt\/sonnentor-kurkuma-zitrone-sirup-bio-500-ml\/"},"modified":"2025-12-09T10:19:16","modified_gmt":"2025-12-09T09:19:16","slug":"sonnentor-kurkuma-zitrone-sirup-bio-500-ml","status":"publish","type":"product","link":"https:\/\/www.ernstbrunn-apotheke.at\/katalog\/produkt\/sonnentor-kurkuma-zitrone-sirup-bio-500-ml\/","title":{"rendered":"Sonnentor Kurkuma-Zitrone Sirup bio 500 ml"},"content":{"rendered":"<p>And the Oscar goes to\u2026 Kurkuma! Die gelbe Knolle ist der Hauptdarsteller dieses w\u00fcrzigen Sirups. Die Basis ist der Goldene Kurkuma Tee. In der Nebenrolle: ein Hauch Zitrone. Obendrein nur mit Birnendicksaft ges\u00fc\u00dft, macht der leuchtend gelbe Sirup in jeder Lebenslage eine gute Figur. Mit hei\u00dfem oder kaltem Wasser verd\u00fcnnt, wird er blitzschnell zum winterlichen Punsch oder sommerlichen Cocktail.<\/p>\n","protected":false},"excerpt":{"rendered":"<p>And the Oscar goes to\u2026 Kurkuma! Die gelbe Knolle ist der Hauptdarsteller dieses w\u00fcrzigen Sirups. Die Basis ist der Goldene Kurkuma Tee. In der Nebenrolle: ein Hauch Zitrone. Obendrein nur mit Birnendicksaft ges\u00fc\u00dft, macht der leuchtend gelbe Sirup in jeder Lebenslage eine gute Figur. Mit hei\u00dfem oder kaltem Wasser verd\u00fcnnt, wird er blitzschnell zum winterlichen [&hellip;]<\/p>\n","protected":false},"featured_media":133356,"template":"","meta":{"_acf_changed":false},"product_brand":[925],"product_cat":[791],"product_tag":[],"class_list":{"0":"post-133354","1":"product","2":"type-product","3":"status-publish","4":"has-post-thumbnail","6":"product_brand-sonnentor","7":"product_cat-s","8":"pa_packungsgroesse-500ml","10":"first","11":"instock","12":"shipping-taxable","13":"purchasable","14":"product-type-simple"},"acf":[],"_links":{"self":[{"href":"https:\/\/www.ernstbrunn-apotheke.at\/katalog\/wp-json\/wp\/v2\/product\/133354","targetHints":{"allow":["GET"]}}],"collection":[{"href":"https:\/\/www.ernstbrunn-apotheke.at\/katalog\/wp-json\/wp\/v2\/product"}],"about":[{"href":"https:\/\/www.ernstbrunn-apotheke.at\/katalog\/wp-json\/wp\/v2\/types\/product"}],"wp:featuredmedia":[{"embeddable":true,"href":"https:\/\/www.ernstbrunn-apotheke.at\/katalog\/wp-json\/wp\/v2\/media\/133356"}],"wp:attachment":[{"href":"https:\/\/www.ernstbrunn-apotheke.at\/katalog\/wp-json\/wp\/v2\/media?parent=133354"}],"wp:term":[{"taxonomy":"product_brand","embeddable":true,"href":"https:\/\/www.ernstbrunn-apotheke.at\/katalog\/wp-json\/wp\/v2\/product_brand?post=133354"},{"taxonomy":"product_cat","embeddable":true,"href":"https:\/\/www.ernstbrunn-apotheke.at\/katalog\/wp-json\/wp\/v2\/product_cat?post=133354"},{"taxonomy":"product_tag","embeddable":true,"href":"https:\/\/www.ernstbrunn-apotheke.at\/katalog\/wp-json\/wp\/v2\/product_tag?post=133354"}],"curies":[{"name":"wp","href":"https:\/\/api.w.org\/{rel}","templated":true}]}}