{"id":133351,"date":"2025-11-14T14:58:54","date_gmt":"2025-11-14T13:58:54","guid":{"rendered":"https:\/\/www.ernstbrunn-apotheke.at\/katalog\/produkt\/sonnentor-schwarztee-pfirsich-eistee-sirup-500-ml-bio\/"},"modified":"2025-12-09T10:19:15","modified_gmt":"2025-12-09T09:19:15","slug":"sonnentor-schwarztee-pfirsich-eistee-sirup-500-ml-bio","status":"publish","type":"product","link":"https:\/\/www.ernstbrunn-apotheke.at\/katalog\/produkt\/sonnentor-schwarztee-pfirsich-eistee-sirup-500-ml-bio\/","title":{"rendered":"Sonnentor Schwarztee-Pfirsich Eistee Sirup 500 ml BIO"},"content":{"rendered":"<p>Sonnentor Schwarztee-Pfirsich Eistee Sirup 500 ml ist ein fruchtig-aromatischer Durstl\u00f6scher f\u00fcr das ganze Jahr. Ein Auszug eines milden schwarzen Tees bildet die Basis dieses fruchtigen Eistees. Pfirsich gibt eine nat\u00fcrliche, aromatische Note, Apfeldicksaft sorgt f\u00fcr die dezente und fruchtige S\u00fc\u00dfe.<\/p>\n","protected":false},"excerpt":{"rendered":"<p>Sonnentor Schwarztee-Pfirsich Eistee Sirup 500 ml ist ein fruchtig-aromatischer Durstl\u00f6scher f\u00fcr das ganze Jahr. Ein Auszug eines milden schwarzen Tees bildet die Basis dieses fruchtigen Eistees. Pfirsich gibt eine nat\u00fcrliche, aromatische Note, Apfeldicksaft sorgt f\u00fcr die dezente und fruchtige S\u00fc\u00dfe.<\/p>\n","protected":false},"featured_media":133353,"template":"","meta":{"_acf_changed":false},"product_brand":[925],"product_cat":[791],"product_tag":[],"class_list":{"0":"post-133351","1":"product","2":"type-product","3":"status-publish","4":"has-post-thumbnail","6":"product_brand-sonnentor","7":"product_cat-s","8":"pa_packungsgroesse-500ml","10":"first","11":"instock","12":"shipping-taxable","13":"purchasable","14":"product-type-simple"},"acf":[],"_links":{"self":[{"href":"https:\/\/www.ernstbrunn-apotheke.at\/katalog\/wp-json\/wp\/v2\/product\/133351","targetHints":{"allow":["GET"]}}],"collection":[{"href":"https:\/\/www.ernstbrunn-apotheke.at\/katalog\/wp-json\/wp\/v2\/product"}],"about":[{"href":"https:\/\/www.ernstbrunn-apotheke.at\/katalog\/wp-json\/wp\/v2\/types\/product"}],"wp:featuredmedia":[{"embeddable":true,"href":"https:\/\/www.ernstbrunn-apotheke.at\/katalog\/wp-json\/wp\/v2\/media\/133353"}],"wp:attachment":[{"href":"https:\/\/www.ernstbrunn-apotheke.at\/katalog\/wp-json\/wp\/v2\/media?parent=133351"}],"wp:term":[{"taxonomy":"product_brand","embeddable":true,"href":"https:\/\/www.ernstbrunn-apotheke.at\/katalog\/wp-json\/wp\/v2\/product_brand?post=133351"},{"taxonomy":"product_cat","embeddable":true,"href":"https:\/\/www.ernstbrunn-apotheke.at\/katalog\/wp-json\/wp\/v2\/product_cat?post=133351"},{"taxonomy":"product_tag","embeddable":true,"href":"https:\/\/www.ernstbrunn-apotheke.at\/katalog\/wp-json\/wp\/v2\/product_tag?post=133351"}],"curies":[{"name":"wp","href":"https:\/\/api.w.org\/{rel}","templated":true}]}}