{"id":133337,"date":"2025-11-14T14:58:15","date_gmt":"2025-11-14T13:58:15","guid":{"rendered":"https:\/\/www.ernstbrunn-apotheke.at\/katalog\/produkt\/sonnentor-senfkoerner-schwarz-80-g-bio\/"},"modified":"2025-12-09T10:19:15","modified_gmt":"2025-12-09T09:19:15","slug":"sonnentor-senfkoerner-schwarz-80-g-bio","status":"publish","type":"product","link":"https:\/\/www.ernstbrunn-apotheke.at\/katalog\/produkt\/sonnentor-senfkoerner-schwarz-80-g-bio\/","title":{"rendered":"Sonnentor Senfk\u00f6rner schwarz 80 g BIO"},"content":{"rendered":"<p>Die Sonnentor Senfk\u00f6rner schwarz in der 80 g Packung sind wesentlich sch\u00e4rfer als ihre gelben Geschwister, die vor allem im antiken Griechenland sehr beliebt waren. Schwarze Senfk\u00f6rner finden vor allem in der indischen K\u00fcche Einsatz, sie schmecken in Fisch- und Gem\u00fcsecurrys ganz gro\u00dfartig und sind ein wichtiger Bestandteil von Currypasten und anderen Gew\u00fcrzmischungen. Am besten r\u00f6stet man sie vor der Verwendung in etwas Ghee oder \u00d6l an, so bekommen sie eine nussige Komponente<\/p>\n","protected":false},"excerpt":{"rendered":"<p>Die Sonnentor Senfk\u00f6rner schwarz in der 80 g Packung sind wesentlich sch\u00e4rfer als ihre gelben Geschwister, die vor allem im antiken Griechenland sehr beliebt waren. Schwarze Senfk\u00f6rner finden vor allem in der indischen K\u00fcche Einsatz, sie schmecken in Fisch- und Gem\u00fcsecurrys ganz gro\u00dfartig und sind ein wichtiger Bestandteil von Currypasten und anderen Gew\u00fcrzmischungen. Am besten [&hellip;]<\/p>\n","protected":false},"featured_media":133339,"template":"","meta":{"_acf_changed":false},"product_brand":[925],"product_cat":[791],"product_tag":[],"class_list":{"0":"post-133337","1":"product","2":"type-product","3":"status-publish","4":"has-post-thumbnail","6":"product_brand-sonnentor","7":"product_cat-s","8":"pa_packungsgroesse-80g","10":"first","11":"instock","12":"shipping-taxable","13":"purchasable","14":"product-type-simple"},"acf":[],"_links":{"self":[{"href":"https:\/\/www.ernstbrunn-apotheke.at\/katalog\/wp-json\/wp\/v2\/product\/133337","targetHints":{"allow":["GET"]}}],"collection":[{"href":"https:\/\/www.ernstbrunn-apotheke.at\/katalog\/wp-json\/wp\/v2\/product"}],"about":[{"href":"https:\/\/www.ernstbrunn-apotheke.at\/katalog\/wp-json\/wp\/v2\/types\/product"}],"wp:featuredmedia":[{"embeddable":true,"href":"https:\/\/www.ernstbrunn-apotheke.at\/katalog\/wp-json\/wp\/v2\/media\/133339"}],"wp:attachment":[{"href":"https:\/\/www.ernstbrunn-apotheke.at\/katalog\/wp-json\/wp\/v2\/media?parent=133337"}],"wp:term":[{"taxonomy":"product_brand","embeddable":true,"href":"https:\/\/www.ernstbrunn-apotheke.at\/katalog\/wp-json\/wp\/v2\/product_brand?post=133337"},{"taxonomy":"product_cat","embeddable":true,"href":"https:\/\/www.ernstbrunn-apotheke.at\/katalog\/wp-json\/wp\/v2\/product_cat?post=133337"},{"taxonomy":"product_tag","embeddable":true,"href":"https:\/\/www.ernstbrunn-apotheke.at\/katalog\/wp-json\/wp\/v2\/product_tag?post=133337"}],"curies":[{"name":"wp","href":"https:\/\/api.w.org\/{rel}","templated":true}]}}