{"id":133327,"date":"2025-11-14T14:58:15","date_gmt":"2025-11-14T13:58:15","guid":{"rendered":"https:\/\/www.ernstbrunn-apotheke.at\/katalog\/produkt\/sonnentor-senfkoerner-gelb-120-g-bio\/"},"modified":"2025-12-09T10:19:13","modified_gmt":"2025-12-09T09:19:13","slug":"sonnentor-senfkoerner-gelb-120-g-bio","status":"publish","type":"product","link":"https:\/\/www.ernstbrunn-apotheke.at\/katalog\/produkt\/sonnentor-senfkoerner-gelb-120-g-bio\/","title":{"rendered":"Sonnentor Senfk\u00f6rner gelb 120 g BIO"},"content":{"rendered":"<p>Die Sonnentor Senfk\u00f6rner gelb in der 120 g Packung werden vor allem f\u00fcr Marinaden, zum Einlegen von Essiggem\u00fcse und zum W\u00fcrzen von scharfen Saucen verwendet. Die scharfen Senf\u00f6le werden erst durch den Kontakt mit Fl\u00fcssigkeit freigesetzt und begeistern mit einem einzigartigen Aroma..<\/p>\n","protected":false},"excerpt":{"rendered":"<p>Die Sonnentor Senfk\u00f6rner gelb in der 120 g Packung werden vor allem f\u00fcr Marinaden, zum Einlegen von Essiggem\u00fcse und zum W\u00fcrzen von scharfen Saucen verwendet. Die scharfen Senf\u00f6le werden erst durch den Kontakt mit Fl\u00fcssigkeit freigesetzt und begeistern mit einem einzigartigen Aroma..<\/p>\n","protected":false},"featured_media":133329,"template":"","meta":{"_acf_changed":false},"product_brand":[925],"product_cat":[791],"product_tag":[],"class_list":{"0":"post-133327","1":"product","2":"type-product","3":"status-publish","4":"has-post-thumbnail","6":"product_brand-sonnentor","7":"product_cat-s","8":"pa_packungsgroesse-120g","10":"first","11":"instock","12":"shipping-taxable","13":"purchasable","14":"product-type-simple"},"acf":[],"_links":{"self":[{"href":"https:\/\/www.ernstbrunn-apotheke.at\/katalog\/wp-json\/wp\/v2\/product\/133327","targetHints":{"allow":["GET"]}}],"collection":[{"href":"https:\/\/www.ernstbrunn-apotheke.at\/katalog\/wp-json\/wp\/v2\/product"}],"about":[{"href":"https:\/\/www.ernstbrunn-apotheke.at\/katalog\/wp-json\/wp\/v2\/types\/product"}],"wp:featuredmedia":[{"embeddable":true,"href":"https:\/\/www.ernstbrunn-apotheke.at\/katalog\/wp-json\/wp\/v2\/media\/133329"}],"wp:attachment":[{"href":"https:\/\/www.ernstbrunn-apotheke.at\/katalog\/wp-json\/wp\/v2\/media?parent=133327"}],"wp:term":[{"taxonomy":"product_brand","embeddable":true,"href":"https:\/\/www.ernstbrunn-apotheke.at\/katalog\/wp-json\/wp\/v2\/product_brand?post=133327"},{"taxonomy":"product_cat","embeddable":true,"href":"https:\/\/www.ernstbrunn-apotheke.at\/katalog\/wp-json\/wp\/v2\/product_cat?post=133327"},{"taxonomy":"product_tag","embeddable":true,"href":"https:\/\/www.ernstbrunn-apotheke.at\/katalog\/wp-json\/wp\/v2\/product_tag?post=133327"}],"curies":[{"name":"wp","href":"https:\/\/api.w.org\/{rel}","templated":true}]}}