{"id":133317,"date":"2025-11-14T14:58:15","date_gmt":"2025-11-14T13:58:15","guid":{"rendered":"https:\/\/www.ernstbrunn-apotheke.at\/katalog\/produkt\/sonnentor-schabzigerklee-gemahlen-40-g-bio\/"},"modified":"2025-12-09T10:19:13","modified_gmt":"2025-12-09T09:19:13","slug":"sonnentor-schabzigerklee-gemahlen-40-g-bio","status":"publish","type":"product","link":"https:\/\/www.ernstbrunn-apotheke.at\/katalog\/produkt\/sonnentor-schabzigerklee-gemahlen-40-g-bio\/","title":{"rendered":"Sonnentor Schabzigerklee gemahlen 40 g BIO"},"content":{"rendered":"<p>Sonnentor Schabzigerklee gemahlen bio enth\u00e4lt ein Aroma das gr\u00fcnem Paprika oder Spinat gleicht und passt hervorragend zu Frischk\u00e4se, Fisch und Gem\u00fcse und ist unverzichtbar in Brot und Geb\u00e4ck. Der pistaziengr\u00fcne Schabzigerklee schmeckt milder als sein Verwandter, der Bockshornklee, und wird mit seinem w\u00fcrzigen, heuartigen Aroma auch zur Herstellung des Schabzigers, einer Schweizer K\u00e4se-Spezialit\u00e4t, verwendet<\/p>\n","protected":false},"excerpt":{"rendered":"<p>Sonnentor Schabzigerklee gemahlen bio enth\u00e4lt ein Aroma das gr\u00fcnem Paprika oder Spinat gleicht und passt hervorragend zu Frischk\u00e4se, Fisch und Gem\u00fcse und ist unverzichtbar in Brot und Geb\u00e4ck. Der pistaziengr\u00fcne Schabzigerklee schmeckt milder als sein Verwandter, der Bockshornklee, und wird mit seinem w\u00fcrzigen, heuartigen Aroma auch zur Herstellung des Schabzigers, einer Schweizer K\u00e4se-Spezialit\u00e4t, verwendet<\/p>\n","protected":false},"featured_media":133319,"template":"","meta":{"_acf_changed":false},"product_brand":[925],"product_cat":[791],"product_tag":[],"class_list":{"0":"post-133317","1":"product","2":"type-product","3":"status-publish","4":"has-post-thumbnail","6":"product_brand-sonnentor","7":"product_cat-s","8":"pa_packungsgroesse-40g","10":"first","11":"instock","12":"shipping-taxable","13":"purchasable","14":"product-type-simple"},"acf":[],"_links":{"self":[{"href":"https:\/\/www.ernstbrunn-apotheke.at\/katalog\/wp-json\/wp\/v2\/product\/133317","targetHints":{"allow":["GET"]}}],"collection":[{"href":"https:\/\/www.ernstbrunn-apotheke.at\/katalog\/wp-json\/wp\/v2\/product"}],"about":[{"href":"https:\/\/www.ernstbrunn-apotheke.at\/katalog\/wp-json\/wp\/v2\/types\/product"}],"wp:featuredmedia":[{"embeddable":true,"href":"https:\/\/www.ernstbrunn-apotheke.at\/katalog\/wp-json\/wp\/v2\/media\/133319"}],"wp:attachment":[{"href":"https:\/\/www.ernstbrunn-apotheke.at\/katalog\/wp-json\/wp\/v2\/media?parent=133317"}],"wp:term":[{"taxonomy":"product_brand","embeddable":true,"href":"https:\/\/www.ernstbrunn-apotheke.at\/katalog\/wp-json\/wp\/v2\/product_brand?post=133317"},{"taxonomy":"product_cat","embeddable":true,"href":"https:\/\/www.ernstbrunn-apotheke.at\/katalog\/wp-json\/wp\/v2\/product_cat?post=133317"},{"taxonomy":"product_tag","embeddable":true,"href":"https:\/\/www.ernstbrunn-apotheke.at\/katalog\/wp-json\/wp\/v2\/product_tag?post=133317"}],"curies":[{"name":"wp","href":"https:\/\/api.w.org\/{rel}","templated":true}]}}