{"id":133313,"date":"2025-11-14T14:58:15","date_gmt":"2025-11-14T13:58:15","guid":{"rendered":"https:\/\/www.ernstbrunn-apotheke.at\/katalog\/produkt\/sonnentor-safran-faeden-05-g-bio\/"},"modified":"2025-12-09T10:19:12","modified_gmt":"2025-12-09T09:19:12","slug":"sonnentor-safran-faeden-05-g-bio","status":"publish","type":"product","link":"https:\/\/www.ernstbrunn-apotheke.at\/katalog\/produkt\/sonnentor-safran-faeden-05-g-bio\/","title":{"rendered":"Sonnentor Safran F\u00e4den 0,5 g BIO"},"content":{"rendered":"<p>Die Sonnentor Safran F\u00e4den im 0,5 g P\u00e4ckchen passen mit ihrem blumig-fruchtigen Aroma und ihrer herben W\u00fcrze in Fischsuppen und zu Eint\u00f6pfen, aber auch zu Saucen, die zu Hummer oder Muscheln gereicht werden. Safran ist das teuerste Gew\u00fcrz der Welt, was auch nicht weiter verwunderlich ist, denn es werden rund 150.000 Krokusbl\u00fcten ben\u00f6tigt, um ein Kilogramm Safran zu gewinnen. Die Safran F\u00e4den werden aus der Bl\u00fcte gezupft und f\u00e4rben, bei guter Qualit\u00e4t, die Zunge beim Essen gelb.<\/p>\n","protected":false},"excerpt":{"rendered":"<p>Die Sonnentor Safran F\u00e4den im 0,5 g P\u00e4ckchen passen mit ihrem blumig-fruchtigen Aroma und ihrer herben W\u00fcrze in Fischsuppen und zu Eint\u00f6pfen, aber auch zu Saucen, die zu Hummer oder Muscheln gereicht werden. Safran ist das teuerste Gew\u00fcrz der Welt, was auch nicht weiter verwunderlich ist, denn es werden rund 150.000 Krokusbl\u00fcten ben\u00f6tigt, um ein [&hellip;]<\/p>\n","protected":false},"featured_media":133315,"template":"","meta":{"_acf_changed":false},"product_brand":[925],"product_cat":[791],"product_tag":[],"class_list":{"0":"post-133313","1":"product","2":"type-product","3":"status-publish","4":"has-post-thumbnail","6":"product_brand-sonnentor","7":"product_cat-s","8":"pa_packungsgroesse-0g","10":"first","11":"instock","12":"shipping-taxable","13":"purchasable","14":"product-type-simple"},"acf":[],"_links":{"self":[{"href":"https:\/\/www.ernstbrunn-apotheke.at\/katalog\/wp-json\/wp\/v2\/product\/133313","targetHints":{"allow":["GET"]}}],"collection":[{"href":"https:\/\/www.ernstbrunn-apotheke.at\/katalog\/wp-json\/wp\/v2\/product"}],"about":[{"href":"https:\/\/www.ernstbrunn-apotheke.at\/katalog\/wp-json\/wp\/v2\/types\/product"}],"wp:featuredmedia":[{"embeddable":true,"href":"https:\/\/www.ernstbrunn-apotheke.at\/katalog\/wp-json\/wp\/v2\/media\/133315"}],"wp:attachment":[{"href":"https:\/\/www.ernstbrunn-apotheke.at\/katalog\/wp-json\/wp\/v2\/media?parent=133313"}],"wp:term":[{"taxonomy":"product_brand","embeddable":true,"href":"https:\/\/www.ernstbrunn-apotheke.at\/katalog\/wp-json\/wp\/v2\/product_brand?post=133313"},{"taxonomy":"product_cat","embeddable":true,"href":"https:\/\/www.ernstbrunn-apotheke.at\/katalog\/wp-json\/wp\/v2\/product_cat?post=133313"},{"taxonomy":"product_tag","embeddable":true,"href":"https:\/\/www.ernstbrunn-apotheke.at\/katalog\/wp-json\/wp\/v2\/product_tag?post=133313"}],"curies":[{"name":"wp","href":"https:\/\/api.w.org\/{rel}","templated":true}]}}