{"id":133310,"date":"2025-11-14T14:57:32","date_gmt":"2025-11-14T13:57:32","guid":{"rendered":"https:\/\/www.ernstbrunn-apotheke.at\/katalog\/produkt\/sonnentor-apfelzauber-punsch-sirup-500-ml-bio\/"},"modified":"2025-12-09T10:19:12","modified_gmt":"2025-12-09T09:19:12","slug":"sonnentor-apfelzauber-punsch-sirup-500-ml-bio","status":"publish","type":"product","link":"https:\/\/www.ernstbrunn-apotheke.at\/katalog\/produkt\/sonnentor-apfelzauber-punsch-sirup-500-ml-bio\/","title":{"rendered":"Sonnentor Apfelzauber Punsch Sirup 500 ml BIO"},"content":{"rendered":"<p>Der Sonnentor Apfelzauber Punsch Sirup in der 500 ml Glasflasche l\u00e4sst sich vielseitig verwenden: Neben der Herstellung von Punsch und Kinderpunsch l\u00e4sst er sich auch hervorragend mit hei\u00dfem oder kaltem Wasser verd\u00fcnnt genie\u00dfen. Zaubern Sie sich weihnachtliche Stimmung in Ihre Tasse.<\/p>\n","protected":false},"excerpt":{"rendered":"<p>Der Sonnentor Apfelzauber Punsch Sirup in der 500 ml Glasflasche l\u00e4sst sich vielseitig verwenden: Neben der Herstellung von Punsch und Kinderpunsch l\u00e4sst er sich auch hervorragend mit hei\u00dfem oder kaltem Wasser verd\u00fcnnt genie\u00dfen. Zaubern Sie sich weihnachtliche Stimmung in Ihre Tasse.<\/p>\n","protected":false},"featured_media":133312,"template":"","meta":{"_acf_changed":false},"product_brand":[925],"product_cat":[791],"product_tag":[],"class_list":{"0":"post-133310","1":"product","2":"type-product","3":"status-publish","4":"has-post-thumbnail","6":"product_brand-sonnentor","7":"product_cat-s","8":"pa_packungsgroesse-0l","10":"first","11":"instock","12":"shipping-taxable","13":"purchasable","14":"product-type-simple"},"acf":[],"_links":{"self":[{"href":"https:\/\/www.ernstbrunn-apotheke.at\/katalog\/wp-json\/wp\/v2\/product\/133310","targetHints":{"allow":["GET"]}}],"collection":[{"href":"https:\/\/www.ernstbrunn-apotheke.at\/katalog\/wp-json\/wp\/v2\/product"}],"about":[{"href":"https:\/\/www.ernstbrunn-apotheke.at\/katalog\/wp-json\/wp\/v2\/types\/product"}],"wp:featuredmedia":[{"embeddable":true,"href":"https:\/\/www.ernstbrunn-apotheke.at\/katalog\/wp-json\/wp\/v2\/media\/133312"}],"wp:attachment":[{"href":"https:\/\/www.ernstbrunn-apotheke.at\/katalog\/wp-json\/wp\/v2\/media?parent=133310"}],"wp:term":[{"taxonomy":"product_brand","embeddable":true,"href":"https:\/\/www.ernstbrunn-apotheke.at\/katalog\/wp-json\/wp\/v2\/product_brand?post=133310"},{"taxonomy":"product_cat","embeddable":true,"href":"https:\/\/www.ernstbrunn-apotheke.at\/katalog\/wp-json\/wp\/v2\/product_cat?post=133310"},{"taxonomy":"product_tag","embeddable":true,"href":"https:\/\/www.ernstbrunn-apotheke.at\/katalog\/wp-json\/wp\/v2\/product_tag?post=133310"}],"curies":[{"name":"wp","href":"https:\/\/api.w.org\/{rel}","templated":true}]}}