{"id":133296,"date":"2025-11-14T14:57:32","date_gmt":"2025-11-14T13:57:32","guid":{"rendered":"https:\/\/www.ernstbrunn-apotheke.at\/katalog\/produkt\/sonnentor-veganer-suppenwuerfel-vogel-frei-6-stk-bio\/"},"modified":"2025-12-09T10:19:11","modified_gmt":"2025-12-09T09:19:11","slug":"sonnentor-veganer-suppenwuerfel-vogel-frei-6-stk-bio","status":"publish","type":"product","link":"https:\/\/www.ernstbrunn-apotheke.at\/katalog\/produkt\/sonnentor-veganer-suppenwuerfel-vogel-frei-6-stk-bio\/","title":{"rendered":"Sonnentor Veganer Suppenw\u00fcrfel Vogel-frei 6 Stk. BIO"},"content":{"rendered":"<p>Sonnentor Vegane Suppenw\u00fcrfel Vogel-frei sind die pikant-w\u00fcrzige, vegane Alternative zu Omas H\u00fchnersuppe. Dabei steht sie ihrem Vorbild geschmacklich um nichts nach. Wertvolle Gew\u00fcrze wie Chili, Ingwer, Galgant und Kurkuma schmecken aufregend und heizen dir so richtig ein. Miso verleiht extra Geschmack und Kraft.  &#8211; jetzt dauerhaft stark preisgesenkt bestellen!<\/p>\n","protected":false},"excerpt":{"rendered":"<p>Sonnentor Vegane Suppenw\u00fcrfel Vogel-frei sind die pikant-w\u00fcrzige, vegane Alternative zu Omas H\u00fchnersuppe. Dabei steht sie ihrem Vorbild geschmacklich um nichts nach. Wertvolle Gew\u00fcrze wie Chili, Ingwer, Galgant und Kurkuma schmecken aufregend und heizen dir so richtig ein. Miso verleiht extra Geschmack und Kraft. &#8211; jetzt dauerhaft stark preisgesenkt bestellen!<\/p>\n","protected":false},"featured_media":133298,"template":"","meta":{"_acf_changed":false},"product_brand":[925],"product_cat":[791],"product_tag":[],"class_list":{"0":"post-133296","1":"product","2":"type-product","3":"status-publish","4":"has-post-thumbnail","6":"product_brand-sonnentor","7":"product_cat-s","8":"pa_packungsgroesse-6-stueck","10":"first","11":"instock","12":"shipping-taxable","13":"purchasable","14":"product-type-simple"},"acf":[],"_links":{"self":[{"href":"https:\/\/www.ernstbrunn-apotheke.at\/katalog\/wp-json\/wp\/v2\/product\/133296","targetHints":{"allow":["GET"]}}],"collection":[{"href":"https:\/\/www.ernstbrunn-apotheke.at\/katalog\/wp-json\/wp\/v2\/product"}],"about":[{"href":"https:\/\/www.ernstbrunn-apotheke.at\/katalog\/wp-json\/wp\/v2\/types\/product"}],"wp:featuredmedia":[{"embeddable":true,"href":"https:\/\/www.ernstbrunn-apotheke.at\/katalog\/wp-json\/wp\/v2\/media\/133298"}],"wp:attachment":[{"href":"https:\/\/www.ernstbrunn-apotheke.at\/katalog\/wp-json\/wp\/v2\/media?parent=133296"}],"wp:term":[{"taxonomy":"product_brand","embeddable":true,"href":"https:\/\/www.ernstbrunn-apotheke.at\/katalog\/wp-json\/wp\/v2\/product_brand?post=133296"},{"taxonomy":"product_cat","embeddable":true,"href":"https:\/\/www.ernstbrunn-apotheke.at\/katalog\/wp-json\/wp\/v2\/product_cat?post=133296"},{"taxonomy":"product_tag","embeddable":true,"href":"https:\/\/www.ernstbrunn-apotheke.at\/katalog\/wp-json\/wp\/v2\/product_tag?post=133296"}],"curies":[{"name":"wp","href":"https:\/\/api.w.org\/{rel}","templated":true}]}}