{"id":133286,"date":"2025-11-14T14:57:32","date_gmt":"2025-11-14T13:57:32","guid":{"rendered":"https:\/\/www.ernstbrunn-apotheke.at\/katalog\/produkt\/sonnentor-weisser-pfeffer-gemahlen-35-g-bio\/"},"modified":"2025-12-09T10:19:09","modified_gmt":"2025-12-09T09:19:09","slug":"sonnentor-weisser-pfeffer-gemahlen-35-g-bio","status":"publish","type":"product","link":"https:\/\/www.ernstbrunn-apotheke.at\/katalog\/produkt\/sonnentor-weisser-pfeffer-gemahlen-35-g-bio\/","title":{"rendered":"Sonnentor Wei\u00dfer Pfeffer gemahlen 35 g BIO"},"content":{"rendered":"<p>Der Sonnentor Wei\u00dfer Pfeffer gemahlen im 35 g P\u00e4ckchen besitzt einen fein-fruchtigen Geruch und eine lang anhaltende Sch\u00e4rfe. Pfeffer ist vielseitig einsetzbar und wird ganz, zersto\u00dfen oder gemahlen verwendet. Wei\u00dfer Pfeffer passt wunderbar zu Gefl\u00fcgel, Fisch und hellen Saucen, sollte wegen seiner Sch\u00e4rfe aber mit Bedacht eingesetzt und eher am Ende der Kochzeit hinzugef\u00fcgt werden.<\/p>\n","protected":false},"excerpt":{"rendered":"<p>Der Sonnentor Wei\u00dfer Pfeffer gemahlen im 35 g P\u00e4ckchen besitzt einen fein-fruchtigen Geruch und eine lang anhaltende Sch\u00e4rfe. Pfeffer ist vielseitig einsetzbar und wird ganz, zersto\u00dfen oder gemahlen verwendet. Wei\u00dfer Pfeffer passt wunderbar zu Gefl\u00fcgel, Fisch und hellen Saucen, sollte wegen seiner Sch\u00e4rfe aber mit Bedacht eingesetzt und eher am Ende der Kochzeit hinzugef\u00fcgt werden.<\/p>\n","protected":false},"featured_media":133288,"template":"","meta":{"_acf_changed":false},"product_brand":[925],"product_cat":[791],"product_tag":[],"class_list":{"0":"post-133286","1":"product","2":"type-product","3":"status-publish","4":"has-post-thumbnail","6":"product_brand-sonnentor","7":"product_cat-s","8":"pa_packungsgroesse-35g","10":"first","11":"instock","12":"shipping-taxable","13":"purchasable","14":"product-type-simple"},"acf":[],"_links":{"self":[{"href":"https:\/\/www.ernstbrunn-apotheke.at\/katalog\/wp-json\/wp\/v2\/product\/133286","targetHints":{"allow":["GET"]}}],"collection":[{"href":"https:\/\/www.ernstbrunn-apotheke.at\/katalog\/wp-json\/wp\/v2\/product"}],"about":[{"href":"https:\/\/www.ernstbrunn-apotheke.at\/katalog\/wp-json\/wp\/v2\/types\/product"}],"wp:featuredmedia":[{"embeddable":true,"href":"https:\/\/www.ernstbrunn-apotheke.at\/katalog\/wp-json\/wp\/v2\/media\/133288"}],"wp:attachment":[{"href":"https:\/\/www.ernstbrunn-apotheke.at\/katalog\/wp-json\/wp\/v2\/media?parent=133286"}],"wp:term":[{"taxonomy":"product_brand","embeddable":true,"href":"https:\/\/www.ernstbrunn-apotheke.at\/katalog\/wp-json\/wp\/v2\/product_brand?post=133286"},{"taxonomy":"product_cat","embeddable":true,"href":"https:\/\/www.ernstbrunn-apotheke.at\/katalog\/wp-json\/wp\/v2\/product_cat?post=133286"},{"taxonomy":"product_tag","embeddable":true,"href":"https:\/\/www.ernstbrunn-apotheke.at\/katalog\/wp-json\/wp\/v2\/product_tag?post=133286"}],"curies":[{"name":"wp","href":"https:\/\/api.w.org\/{rel}","templated":true}]}}